{"id":5960,"date":"2023-04-11T17:30:09","date_gmt":"2023-04-11T14:30:09","guid":{"rendered":"https:\/\/www.hilkomyazilim.com.tr\/fimaksan\/?page_id=5960"},"modified":"2023-04-11T17:32:19","modified_gmt":"2023-04-11T14:32:19","slug":"kalas-bekletme-rampasi-2","status":"publish","type":"page","link":"https:\/\/fimaksan.com\/de\/kalas-bekletme-rampasi-2\/","title":{"rendered":"Plankenhalterampe"},"content":{"rendered":"<div data-elementor-type=\"wp-page\" data-elementor-id=\"5960\" class=\"elementor elementor-5960\">\n\t\t\t\t\t\t<section class=\"elementor-section elementor-top-section elementor-element elementor-element-59cb5b1 elementor-section-stretched elementor-section-boxed elementor-section-height-default elementor-section-height-default\" data-id=\"59cb5b1\" data-element_type=\"section\" data-settings=\"{&quot;stretch_section&quot;:&quot;section-stretched&quot;}\">\n\t\t\t\t\t\t<div class=\"elementor-container elementor-column-gap-default\">\n\t\t\t\t\t<div class=\"elementor-column elementor-col-50 elementor-top-column elementor-element elementor-element-2c53c1c\" data-id=\"2c53c1c\" data-element_type=\"column\">\n\t\t\t<div class=\"elementor-widget-wrap elementor-element-populated\">\n\t\t\t\t\t\t<div class=\"elementor-element elementor-element-9a5bedd elementor-widget elementor-widget-creote-simple-image-box-v1\" data-id=\"9a5bedd\" data-element_type=\"widget\" data-widget_type=\"creote-simple-image-box-v1.default\">\n\t\t\t\t<div class=\"elementor-widget-container\">\n\t\t\t<div class=\"simple_image_boxes\"   data-aos=\"fade-up\" data-aos-delay=\"0\"  data-aos-offset=\"0\" >\r\n   <img decoding=\"async\" src=\"https:\/\/fimaksan.com\/\/wp-content\/uploads\/2023\/04\/54WR4veoFhXLAMPs4KTCgU0osjMoTBnT6pnKTtcQ-scaled.jpeg\" class=\"simp_img\" alt=\"\" \/>\r\n<\/div>\r\n\t\t<\/div>\n\t\t\t\t<\/div>\n\t\t\t\t\t<\/div>\n\t\t<\/div>\n\t\t\t\t<div class=\"elementor-column elementor-col-50 elementor-top-column elementor-element elementor-element-99526e5\" data-id=\"99526e5\" data-element_type=\"column\">\n\t\t\t<div class=\"elementor-widget-wrap elementor-element-populated\">\n\t\t\t\t\t\t<div class=\"elementor-element elementor-element-d2f5d3a elementor-widget elementor-widget-text-editor\" data-id=\"d2f5d3a\" data-element_type=\"widget\" data-widget_type=\"text-editor.default\">\n\t\t\t\t<div class=\"elementor-widget-container\">\n\t\t\t\t\t\t\t<p>F\u0130. 4000 \/ KBR 4H\u00a0<br \/>KALAS BEKLETME RAMPASI<\/p><p>&#8211; H\u0130DROL\u0130K<\/p><p>&#8211; 4 mt.<\/p><p>-4 Ayakl\u0131<\/p><ul><li>Kalas Bekletme Rampas\u0131 kesilen kalaslar\u0131 tutarak ve daha sonra arabal\u0131ya tekrar geri y\u00fckleyerek kenarlar\u0131n arabada kesilmesine olanak sa\u011flar.\u00a0<\/li><\/ul>\t\t\t\t\t\t<\/div>\n\t\t\t\t<\/div>\n\t\t\t\t\t<\/div>\n\t\t<\/div>\n\t\t\t\t\t<\/div>\n\t\t<\/section>\n\t\t\t\t<section class=\"elementor-section elementor-top-section elementor-element elementor-element-c2b4fc5 elementor-section-stretched elementor-section-boxed elementor-section-height-default elementor-section-height-default\" data-id=\"c2b4fc5\" data-element_type=\"section\" data-settings=\"{&quot;stretch_section&quot;:&quot;section-stretched&quot;}\">\n\t\t\t\t\t\t<div class=\"elementor-container elementor-column-gap-default\">\n\t\t\t\t\t<div class=\"elementor-column elementor-col-100 elementor-top-column elementor-element elementor-element-ebef2b6\" data-id=\"ebef2b6\" data-element_type=\"column\">\n\t\t\t<div class=\"elementor-widget-wrap elementor-element-populated\">\n\t\t\t\t\t\t<div class=\"elementor-element elementor-element-c78bf3d elementor-widget elementor-widget-creote-heading-v2\" data-id=\"c78bf3d\" data-element_type=\"widget\" data-widget_type=\"creote-heading-v2.default\">\n\t\t\t\t<div class=\"elementor-widget-container\">\n\t\t\t<div class=\"heading type_one text_center\">  <div class=\"small_text\">    Technische Details <\/div>    <\/div>\r\n\t\t<\/div>\n\t\t\t\t<\/div>\n\t\t\t\t<div class=\"elementor-element elementor-element-57f60cf elementor-widget elementor-widget-text-editor\" data-id=\"57f60cf\" data-element_type=\"widget\" data-widget_type=\"text-editor.default\">\n\t\t\t\t<div class=\"elementor-widget-container\">\n\t\t\t\t\t\t\t<p><strong>\u2713\u00a0\u015ease Tipi<\/strong>\u00a0| 4 Ayakl\u0131 ( 4 s\u0131ra 160\u201d Profil. Sa\u011flam \u015ease)<\/p><p><strong>\u2713\u00a0Kalas Bekletme<\/strong>\u00a0|\u00a0 Yukar\u0131 \/ A\u015fa\u011f\u0131 hidrolik hareketli<\/p><p><br \/><strong>\u2713\u00a0Kalas Ta\u015f\u0131ma Sistemi <\/strong>\u00a0| 1\u201d\u00a0 parmak \u00e7ift s\u0131ra zincir hareketli.<\/p><p><br \/><strong>\u2713\u00a0Zincir Hareketi<\/strong>\u00a0| 4,0 kW red\u00fckt\u00f6rl\u00fc motor<\/p><p><br \/><strong>\u2713\u00a0\u0130lerleme H\u0131z\u0131<\/strong>\u00a0| 25 m \/dak<\/p><p><br \/><strong>\u2713\u00a0Kumanda \/ Buton<\/strong>\u00a0| Start &#8211; Stop<\/p><p><br \/><strong>\u2713\u00a0Hidrolik \u00dcnitesi<\/strong>\u00a0| D\u00e2hil<\/p><p><br \/><strong>\u2713<\/strong>\u00a0<strong>Versandart\u00a0<\/strong>\u00a0| Demonte<\/p><p><br \/><strong>\u2713\u00a0Montaj \/ \u00c7al\u0131\u015ft\u0131rma<\/strong>\u00a0| Yerinde montaj ve \u00e7al\u0131\u015ft\u0131rma<\/p><p><br \/><strong>\u2713 Gewicht <\/strong>\u00a0| 1200 Kg<\/p><p><br \/><strong>\u2713 Abmessungen <\/strong>\u00a0| 400 x 20 x 85 cm (Uzunluk Geni\u015flik Y\u00fckseklik)<\/p>\t\t\t\t\t\t<\/div>\n\t\t\t\t<\/div>\n\t\t\t\t\t<\/div>\n\t\t<\/div>\n\t\t\t\t\t<\/div>\n\t\t<\/section>\n\t\t\t\t<\/div>","protected":false},"excerpt":{"rendered":"<p>F\u0130. 4000 \/ KBR 4H\u00a0KALAS BEKLETME RAMPASI &#8211; H\u0130DROL\u0130K &#8211; 4 mt. -4 Ayakl\u0131 Kalas Bekletme Rampas\u0131 kesilen kalaslar\u0131 tutarak ve daha sonra arabal\u0131ya tekrar geri y\u00fckleyerek kenarlar\u0131n arabada kesilmesine olanak sa\u011flar.\u00a0 Teknik Detaylar \u2713\u00a0\u015ease Tipi\u00a0| 4 Ayakl\u0131 ( 4 s\u0131ra 160\u201d Profil. Sa\u011flam \u015ease) \u2713\u00a0Kalas Bekletme\u00a0|\u00a0 Yukar\u0131 \/ A\u015fa\u011f\u0131 hidrolik hareketli \u2713\u00a0Kalas Ta\u015f\u0131ma Sistemi [&hellip;]<\/p>","protected":false},"author":1,"featured_media":0,"parent":0,"menu_order":0,"comment_status":"closed","ping_status":"closed","template":"","meta":{"footnotes":""},"class_list":["post-5960","page","type-page","status-publish","hentry"],"_links":{"self":[{"href":"https:\/\/fimaksan.com\/de\/wp-json\/wp\/v2\/pages\/5960","targetHints":{"allow":["GET"]}}],"collection":[{"href":"https:\/\/fimaksan.com\/de\/wp-json\/wp\/v2\/pages"}],"about":[{"href":"https:\/\/fimaksan.com\/de\/wp-json\/wp\/v2\/types\/page"}],"author":[{"embeddable":true,"href":"https:\/\/fimaksan.com\/de\/wp-json\/wp\/v2\/users\/1"}],"replies":[{"embeddable":true,"href":"https:\/\/fimaksan.com\/de\/wp-json\/wp\/v2\/comments?post=5960"}],"version-history":[{"count":4,"href":"https:\/\/fimaksan.com\/de\/wp-json\/wp\/v2\/pages\/5960\/revisions"}],"predecessor-version":[{"id":5967,"href":"https:\/\/fimaksan.com\/de\/wp-json\/wp\/v2\/pages\/5960\/revisions\/5967"}],"wp:attachment":[{"href":"https:\/\/fimaksan.com\/de\/wp-json\/wp\/v2\/media?parent=5960"}],"curies":[{"name":"wp","href":"https:\/\/api.w.org\/{rel}","templated":true}]}}