{"id":5881,"date":"2023-04-11T16:24:12","date_gmt":"2023-04-11T13:24:12","guid":{"rendered":"https:\/\/www.hilkomyazilim.com.tr\/fimaksan\/?page_id=5881"},"modified":"2023-04-11T16:48:10","modified_gmt":"2023-04-11T13:48:10","slug":"enine-kalas-getirici","status":"publish","type":"page","link":"https:\/\/fimaksan.com\/de\/enine-kalas-getirici\/","title":{"rendered":"Enine Kalas Getirici"},"content":{"rendered":"<div data-elementor-type=\"wp-page\" data-elementor-id=\"5881\" class=\"elementor elementor-5881\">\n\t\t\t\t\t\t<section class=\"elementor-section elementor-top-section elementor-element elementor-element-73faf1f elementor-section-stretched elementor-section-boxed elementor-section-height-default elementor-section-height-default\" data-id=\"73faf1f\" data-element_type=\"section\" data-settings=\"{&quot;stretch_section&quot;:&quot;section-stretched&quot;}\">\n\t\t\t\t\t\t<div class=\"elementor-container elementor-column-gap-default\">\n\t\t\t\t\t<div class=\"elementor-column elementor-col-50 elementor-top-column elementor-element elementor-element-1ec07eb\" data-id=\"1ec07eb\" data-element_type=\"column\">\n\t\t\t<div class=\"elementor-widget-wrap elementor-element-populated\">\n\t\t\t\t\t\t<div class=\"elementor-element elementor-element-8eb10dc elementor-widget elementor-widget-creote-simple-image-box-v1\" data-id=\"8eb10dc\" data-element_type=\"widget\" data-widget_type=\"creote-simple-image-box-v1.default\">\n\t\t\t\t<div class=\"elementor-widget-container\">\n\t\t\t<div class=\"simple_image_boxes  parallax_cover\"   data-aos=\"fade-up\" data-aos-delay=\"0\"  data-aos-offset=\"0\" >\r\n   <img decoding=\"async\" src=\"https:\/\/fimaksan.com\/\/wp-content\/uploads\/2023\/04\/hz6fHKqDglMwx3ZloE76Iwqr88BCkwJ0Bhm3lf7B.jpeg\" class=\"simp_img cover-parallax\" alt=\"\" \/>\r\n<\/div>\r\n\t\t<\/div>\n\t\t\t\t<\/div>\n\t\t\t\t\t<\/div>\n\t\t<\/div>\n\t\t\t\t<div class=\"elementor-column elementor-col-50 elementor-top-column elementor-element elementor-element-703339c\" data-id=\"703339c\" data-element_type=\"column\">\n\t\t\t<div class=\"elementor-widget-wrap elementor-element-populated\">\n\t\t\t\t\t\t<div class=\"elementor-element elementor-element-c1490c7 elementor-widget elementor-widget-text-editor\" data-id=\"c1490c7\" data-element_type=\"widget\" data-widget_type=\"text-editor.default\">\n\t\t\t\t<div class=\"elementor-widget-container\">\n\t\t\t\t\t\t\t<p>EN\u0130NE KALAS GET\u0130R\u0130C\u0130 \u00a0<\/p><p><br \/>&#8211; T\u0131rnakl\u0131 Zincirli\u00a0<\/p>\t\t\t\t\t\t<\/div>\n\t\t\t\t<\/div>\n\t\t\t\t\t<\/div>\n\t\t<\/div>\n\t\t\t\t\t<\/div>\n\t\t<\/section>\n\t\t\t\t<section class=\"elementor-section elementor-top-section elementor-element elementor-element-f9c15eb elementor-section-stretched elementor-section-boxed elementor-section-height-default elementor-section-height-default\" data-id=\"f9c15eb\" data-element_type=\"section\" data-settings=\"{&quot;stretch_section&quot;:&quot;section-stretched&quot;}\">\n\t\t\t\t\t\t<div class=\"elementor-container elementor-column-gap-default\">\n\t\t\t\t\t<div class=\"elementor-column elementor-col-100 elementor-top-column elementor-element elementor-element-fba688c\" data-id=\"fba688c\" data-element_type=\"column\">\n\t\t\t<div class=\"elementor-widget-wrap elementor-element-populated\">\n\t\t\t\t\t\t<div class=\"elementor-element elementor-element-4221c08 elementor-widget elementor-widget-creote-heading-v2\" data-id=\"4221c08\" data-element_type=\"widget\" data-widget_type=\"creote-heading-v2.default\">\n\t\t\t\t<div class=\"elementor-widget-container\">\n\t\t\t<div class=\"heading type_one text_center\">  <div class=\"small_text\">    Technische Details <\/div>    <\/div>\r\n\t\t<\/div>\n\t\t\t\t<\/div>\n\t\t\t\t<div class=\"elementor-element elementor-element-6aca41a elementor-widget elementor-widget-text-editor\" data-id=\"6aca41a\" data-element_type=\"widget\" data-widget_type=\"text-editor.default\">\n\t\t\t\t<div class=\"elementor-widget-container\">\n\t\t\t\t\t\t\t<p><strong>\u2713 Ta\u015f\u0131ma Sistemi <\/strong>\u00a0| Zincirli palet ta\u015f\u0131ma<\/p><p><strong>\u2713 \u0130lerleme H\u0131z\u0131<\/strong>\u00a0| 30 m \/dk.<\/p><p><br \/><strong>\u2713 Ana Motor<\/strong>\u00a0| 4,0 kW red\u00fckt\u00f6rl\u00fc motor<\/p><p><br \/><strong>\u2713 Kalas Al\u0131\u015f \u015eekli<\/strong>\u00a0| Sabit dayamalar \u00fczerinden<\/p><p><br \/><strong>\u2713 Nakliye \u015eekli\u00a0<\/strong>\u00a0| Demonte<\/p><p><br \/><strong>\u2713 Montaj \/ \u00c7al\u0131\u015ft\u0131rma<\/strong>\u00a0| Yerinde montaj ve \u00e7al\u0131\u015ft\u0131rma<\/p><p><br \/><strong>\u2713 A\u011f\u0131rl\u0131k\u00a0<\/strong>\u00a0| 800 &#8211; 1200 kg<\/p><p><br \/><strong>\u2713 Boyutlar<\/strong>\u00a0| 200 X 20 X 85 cm (Uzunluk Geni\u015flik Y\u00fckseklik )<\/p>\t\t\t\t\t\t<\/div>\n\t\t\t\t<\/div>\n\t\t\t\t\t<\/div>\n\t\t<\/div>\n\t\t\t\t\t<\/div>\n\t\t<\/section>\n\t\t\t\t<\/div>","protected":false},"excerpt":{"rendered":"<p>EN\u0130NE KALAS GET\u0130R\u0130C\u0130 \u00a0 &#8211; T\u0131rnakl\u0131 Zincirli\u00a0 Teknik Detaylar \u2713 Ta\u015f\u0131ma Sistemi \u00a0| Zincirli palet ta\u015f\u0131ma \u2713 \u0130lerleme H\u0131z\u0131\u00a0| 30 m \/dk. \u2713 Ana Motor\u00a0| 4,0 kW red\u00fckt\u00f6rl\u00fc motor \u2713 Kalas Al\u0131\u015f \u015eekli\u00a0| Sabit dayamalar \u00fczerinden \u2713 Nakliye \u015eekli\u00a0\u00a0| Demonte \u2713 Montaj \/ \u00c7al\u0131\u015ft\u0131rma\u00a0| Yerinde montaj ve \u00e7al\u0131\u015ft\u0131rma \u2713 A\u011f\u0131rl\u0131k\u00a0\u00a0| 800 &#8211; 1200 kg \u2713 [&hellip;]<\/p>","protected":false},"author":1,"featured_media":0,"parent":0,"menu_order":0,"comment_status":"closed","ping_status":"closed","template":"","meta":{"footnotes":""},"class_list":["post-5881","page","type-page","status-publish","hentry"],"_links":{"self":[{"href":"https:\/\/fimaksan.com\/de\/wp-json\/wp\/v2\/pages\/5881","targetHints":{"allow":["GET"]}}],"collection":[{"href":"https:\/\/fimaksan.com\/de\/wp-json\/wp\/v2\/pages"}],"about":[{"href":"https:\/\/fimaksan.com\/de\/wp-json\/wp\/v2\/types\/page"}],"author":[{"embeddable":true,"href":"https:\/\/fimaksan.com\/de\/wp-json\/wp\/v2\/users\/1"}],"replies":[{"embeddable":true,"href":"https:\/\/fimaksan.com\/de\/wp-json\/wp\/v2\/comments?post=5881"}],"version-history":[{"count":4,"href":"https:\/\/fimaksan.com\/de\/wp-json\/wp\/v2\/pages\/5881\/revisions"}],"predecessor-version":[{"id":5889,"href":"https:\/\/fimaksan.com\/de\/wp-json\/wp\/v2\/pages\/5881\/revisions\/5889"}],"wp:attachment":[{"href":"https:\/\/fimaksan.com\/de\/wp-json\/wp\/v2\/media?parent=5881"}],"curies":[{"name":"wp","href":"https:\/\/api.w.org\/{rel}","templated":true}]}}