{"id":5852,"date":"2023-04-11T16:15:36","date_gmt":"2023-04-11T13:15:36","guid":{"rendered":"https:\/\/www.hilkomyazilim.com.tr\/fimaksan\/?page_id=5852"},"modified":"2023-04-11T16:17:17","modified_gmt":"2023-04-11T13:17:17","slug":"tomruk-yukleme-rampasi-6mt-hidrolik","status":"publish","type":"page","link":"https:\/\/fimaksan.com\/de\/tomruk-yukleme-rampasi-6mt-hidrolik\/","title":{"rendered":"Tomruk Y\u00fckleme Rampas\u0131 6mt. (Hidrolik)"},"content":{"rendered":"<div data-elementor-type=\"wp-page\" data-elementor-id=\"5852\" class=\"elementor elementor-5852\">\n\t\t\t\t\t\t<section class=\"elementor-section elementor-top-section elementor-element elementor-element-dcef3f6 elementor-section-stretched elementor-section-boxed elementor-section-height-default elementor-section-height-default\" data-id=\"dcef3f6\" data-element_type=\"section\" data-settings=\"{&quot;stretch_section&quot;:&quot;section-stretched&quot;}\">\n\t\t\t\t\t\t<div class=\"elementor-container elementor-column-gap-default\">\n\t\t\t\t\t<div class=\"elementor-column elementor-col-50 elementor-top-column elementor-element elementor-element-ceba68b\" data-id=\"ceba68b\" data-element_type=\"column\">\n\t\t\t<div class=\"elementor-widget-wrap elementor-element-populated\">\n\t\t\t\t\t\t<div class=\"elementor-element elementor-element-0778802 elementor-widget elementor-widget-creote-simple-image-box-v1\" data-id=\"0778802\" data-element_type=\"widget\" data-widget_type=\"creote-simple-image-box-v1.default\">\n\t\t\t\t<div class=\"elementor-widget-container\">\n\t\t\t<div class=\"simple_image_boxes  parallax_cover\"   data-aos=\"fade-up\" data-aos-delay=\"0\"  data-aos-offset=\"0\" >\r\n   <img decoding=\"async\" src=\"https:\/\/fimaksan.com\/\/wp-content\/uploads\/2023\/04\/lwGphmxWmkrukGHIhKCy35ohqLzcqmuHqI8i6ofD.png\" class=\"simp_img cover-parallax\" alt=\"\" \/>\r\n<\/div>\r\n\t\t<\/div>\n\t\t\t\t<\/div>\n\t\t\t\t\t<\/div>\n\t\t<\/div>\n\t\t\t\t<div class=\"elementor-column elementor-col-50 elementor-top-column elementor-element elementor-element-376983f\" data-id=\"376983f\" data-element_type=\"column\">\n\t\t\t<div class=\"elementor-widget-wrap elementor-element-populated\">\n\t\t\t\t\t\t<div class=\"elementor-element elementor-element-184e8e5 elementor-widget elementor-widget-text-editor\" data-id=\"184e8e5\" data-element_type=\"widget\" data-widget_type=\"text-editor.default\">\n\t\t\t\t<div class=\"elementor-widget-container\">\n\t\t\t\t\t\t\t<p>TOMRUK Y\u00dcKLEME RAMPASI<\/p><p>\u2013 6 mt.<\/p><p>-H\u0130DROL\u0130K K\u00d6PR\u00dc<\/p>\t\t\t\t\t\t<\/div>\n\t\t\t\t<\/div>\n\t\t\t\t\t<\/div>\n\t\t<\/div>\n\t\t\t\t\t<\/div>\n\t\t<\/section>\n\t\t\t\t<section class=\"elementor-section elementor-top-section elementor-element elementor-element-3234ea3 elementor-section-stretched elementor-section-boxed elementor-section-height-default elementor-section-height-default\" data-id=\"3234ea3\" data-element_type=\"section\" data-settings=\"{&quot;stretch_section&quot;:&quot;section-stretched&quot;}\">\n\t\t\t\t\t\t<div class=\"elementor-container elementor-column-gap-default\">\n\t\t\t\t\t<div class=\"elementor-column elementor-col-100 elementor-top-column elementor-element elementor-element-52ed6dd\" data-id=\"52ed6dd\" data-element_type=\"column\">\n\t\t\t<div class=\"elementor-widget-wrap elementor-element-populated\">\n\t\t\t\t\t\t<div class=\"elementor-element elementor-element-21bbd68 elementor-widget elementor-widget-creote-heading-v2\" data-id=\"21bbd68\" data-element_type=\"widget\" data-widget_type=\"creote-heading-v2.default\">\n\t\t\t\t<div class=\"elementor-widget-container\">\n\t\t\t<div class=\"heading type_one text_center\">  <div class=\"small_text\">    Technische Details <\/div>    <\/div>\r\n\t\t<\/div>\n\t\t\t\t<\/div>\n\t\t\t\t<div class=\"elementor-element elementor-element-f8162d1 elementor-widget elementor-widget-text-editor\" data-id=\"f8162d1\" data-element_type=\"widget\" data-widget_type=\"text-editor.default\">\n\t\t\t\t<div class=\"elementor-widget-container\">\n\t\t\t\t\t\t\t<p><strong>\u2713\u00a0Tomruk Ta\u015f\u0131ma Sistemi<\/strong>\u00a0| Zincirli Palet Ta\u015f\u0131ma<\/p><p><br \/><strong>\u2713\u00a0Tomruk Y\u00fckleme<\/strong>\u00a0| K\u00f6pr\u00fcl\u00fc, a\u00e7\u0131l\u0131r kapan\u0131r &#8211;\u00a0 Hidrolik sistem<\/p><p><br \/><strong>\u2713 <\/strong><strong>Vorschubgeschwindigkeit\u00a0<\/strong>\u00a0| 25 m \/ dk.<\/p><p><br \/><strong>\u2713 Hauptmaschine <\/strong>\u00a0| 5,5 kW Getriebemotor<\/p><p><br \/><strong>\u2713\u00a0Nakliye \u015eekli <\/strong>\u00a0| Demonte<\/p><p><br \/><strong>\u2713\u00a0Montaj\u00a0 \/ \u00c7al\u0131\u015ft\u0131rma <\/strong>\u00a0| Yerinde montaj ve kurulum<\/p><p><br \/><strong>\u2713 Gewicht <\/strong>\u00a0| 4000 Kilogramm<\/p><p><br \/><strong>\u2713 Abmessungen <\/strong>\u00a0| 600 x 200 x 100 cm\u00a0 ( Uzunluk Geni\u015flik Y\u00fckseklik)<\/p>\t\t\t\t\t\t<\/div>\n\t\t\t\t<\/div>\n\t\t\t\t\t<\/div>\n\t\t<\/div>\n\t\t\t\t\t<\/div>\n\t\t<\/section>\n\t\t\t\t<\/div>","protected":false},"excerpt":{"rendered":"<p>TOMRUK Y\u00dcKLEME RAMPASI \u2013 6 mt. -H\u0130DROL\u0130K K\u00d6PR\u00dc Teknik Detaylar \u2713\u00a0Tomruk Ta\u015f\u0131ma Sistemi\u00a0| Zincirli Palet Ta\u015f\u0131ma \u2713\u00a0Tomruk Y\u00fckleme\u00a0| K\u00f6pr\u00fcl\u00fc, a\u00e7\u0131l\u0131r kapan\u0131r &#8211;\u00a0 Hidrolik sistem \u2713 \u0130lerleme H\u0131z\u0131\u00a0\u00a0| 25 m \/ dk. \u2713\u00a0Ana Motor \u00a0| 5,5 kW red\u00fckt\u00f6rl\u00fc motor \u2713\u00a0Nakliye \u015eekli \u00a0| Demonte \u2713\u00a0Montaj\u00a0 \/ \u00c7al\u0131\u015ft\u0131rma \u00a0| Yerinde montaj ve kurulum \u2713\u00a0A\u011f\u0131rl\u0131k \u00a0| 4000 kg \u2713\u00a0Boyutlar [&hellip;]<\/p>","protected":false},"author":1,"featured_media":0,"parent":0,"menu_order":0,"comment_status":"closed","ping_status":"closed","template":"","meta":{"footnotes":""},"class_list":["post-5852","page","type-page","status-publish","hentry"],"_links":{"self":[{"href":"https:\/\/fimaksan.com\/de\/wp-json\/wp\/v2\/pages\/5852","targetHints":{"allow":["GET"]}}],"collection":[{"href":"https:\/\/fimaksan.com\/de\/wp-json\/wp\/v2\/pages"}],"about":[{"href":"https:\/\/fimaksan.com\/de\/wp-json\/wp\/v2\/types\/page"}],"author":[{"embeddable":true,"href":"https:\/\/fimaksan.com\/de\/wp-json\/wp\/v2\/users\/1"}],"replies":[{"embeddable":true,"href":"https:\/\/fimaksan.com\/de\/wp-json\/wp\/v2\/comments?post=5852"}],"version-history":[{"count":4,"href":"https:\/\/fimaksan.com\/de\/wp-json\/wp\/v2\/pages\/5852\/revisions"}],"predecessor-version":[{"id":5859,"href":"https:\/\/fimaksan.com\/de\/wp-json\/wp\/v2\/pages\/5852\/revisions\/5859"}],"wp:attachment":[{"href":"https:\/\/fimaksan.com\/de\/wp-json\/wp\/v2\/media?parent=5852"}],"curies":[{"name":"wp","href":"https:\/\/api.w.org\/{rel}","templated":true}]}}