{"id":5844,"date":"2023-04-11T16:11:09","date_gmt":"2023-04-11T13:11:09","guid":{"rendered":"https:\/\/www.hilkomyazilim.com.tr\/fimaksan\/?page_id=5844"},"modified":"2023-04-11T16:14:17","modified_gmt":"2023-04-11T13:14:17","slug":"tomruk-yukleme-rampasi-4-mt","status":"publish","type":"page","link":"https:\/\/fimaksan.com\/de\/tomruk-yukleme-rampasi-4-mt\/","title":{"rendered":"Tomruk Y\u00fckleme Rampas\u0131 &#8211; 4 mt."},"content":{"rendered":"<div data-elementor-type=\"wp-page\" data-elementor-id=\"5844\" class=\"elementor elementor-5844\">\n\t\t\t\t\t\t<section class=\"elementor-section elementor-top-section elementor-element elementor-element-2070bf4 elementor-section-stretched elementor-section-boxed elementor-section-height-default elementor-section-height-default\" data-id=\"2070bf4\" data-element_type=\"section\" data-settings=\"{&quot;stretch_section&quot;:&quot;section-stretched&quot;}\">\n\t\t\t\t\t\t<div class=\"elementor-container elementor-column-gap-default\">\n\t\t\t\t\t<div class=\"elementor-column elementor-col-50 elementor-top-column elementor-element elementor-element-84b10ef\" data-id=\"84b10ef\" data-element_type=\"column\">\n\t\t\t<div class=\"elementor-widget-wrap elementor-element-populated\">\n\t\t\t\t\t\t<div class=\"elementor-element elementor-element-4906ddd elementor-widget elementor-widget-creote-simple-image-box-v1\" data-id=\"4906ddd\" data-element_type=\"widget\" data-widget_type=\"creote-simple-image-box-v1.default\">\n\t\t\t\t<div class=\"elementor-widget-container\">\n\t\t\t<div class=\"simple_image_boxes  parallax_cover\"   data-aos=\"fade-up\" data-aos-delay=\"0\"  data-aos-offset=\"0\" >\r\n   <img decoding=\"async\" src=\"https:\/\/fimaksan.com\/\/wp-content\/uploads\/2023\/04\/lzAVGn3ajwhz7KZh4C9TlIXjCvbYiOCzqt8BrXNN.jpeg\" class=\"simp_img cover-parallax\" alt=\"\" \/>\r\n<\/div>\r\n\t\t<\/div>\n\t\t\t\t<\/div>\n\t\t\t\t\t<\/div>\n\t\t<\/div>\n\t\t\t\t<div class=\"elementor-column elementor-col-50 elementor-top-column elementor-element elementor-element-ac8caac\" data-id=\"ac8caac\" data-element_type=\"column\">\n\t\t\t<div class=\"elementor-widget-wrap elementor-element-populated\">\n\t\t\t\t\t\t<div class=\"elementor-element elementor-element-cff5cc5 elementor-widget elementor-widget-text-editor\" data-id=\"cff5cc5\" data-element_type=\"widget\" data-widget_type=\"text-editor.default\">\n\t\t\t\t<div class=\"elementor-widget-container\">\n\t\t\t\t\t\t\t<p>TOMRUK Y\u00dcKLEME RAMPASI<\/p><p><br \/>-H\u0130DROL\u0130K<\/p><p><br \/>&#8211; 4 mt.\u00a0<\/p><p><br \/>&#8211; 4 Ayakl\u0131<\/p>\t\t\t\t\t\t<\/div>\n\t\t\t\t<\/div>\n\t\t\t\t\t<\/div>\n\t\t<\/div>\n\t\t\t\t\t<\/div>\n\t\t<\/section>\n\t\t\t\t<section class=\"elementor-section elementor-top-section elementor-element elementor-element-a4bac54 elementor-section-stretched elementor-section-boxed elementor-section-height-default elementor-section-height-default\" data-id=\"a4bac54\" data-element_type=\"section\" data-settings=\"{&quot;stretch_section&quot;:&quot;section-stretched&quot;}\">\n\t\t\t\t\t\t<div class=\"elementor-container elementor-column-gap-default\">\n\t\t\t\t\t<div class=\"elementor-column elementor-col-100 elementor-top-column elementor-element elementor-element-8486e9c\" data-id=\"8486e9c\" data-element_type=\"column\">\n\t\t\t<div class=\"elementor-widget-wrap elementor-element-populated\">\n\t\t\t\t\t\t<div class=\"elementor-element elementor-element-7b3e3eb elementor-widget elementor-widget-creote-heading-v2\" data-id=\"7b3e3eb\" data-element_type=\"widget\" data-widget_type=\"creote-heading-v2.default\">\n\t\t\t\t<div class=\"elementor-widget-container\">\n\t\t\t<div class=\"heading type_one text_center\">  <div class=\"small_text\">    Technische Details <\/div>    <\/div>\r\n\t\t<\/div>\n\t\t\t\t<\/div>\n\t\t\t\t<div class=\"elementor-element elementor-element-e494863 elementor-widget elementor-widget-text-editor\" data-id=\"e494863\" data-element_type=\"widget\" data-widget_type=\"text-editor.default\">\n\t\t\t\t<div class=\"elementor-widget-container\">\n\t\t\t\t\t\t\t<p><strong>\u2713\u00a0\u015ease Tipi<\/strong>\u00a0| 4 Ayakl\u0131 ( 4 s\u0131ra 180 lik NPI \u00c7elik)<\/p><p><br \/><strong>\u2713\u00a0Tomruk Ta\u015f\u0131ma Sistemi<\/strong>\u00a0| Zincirli Palet Ta\u015f\u0131ma<\/p><p><br \/><strong>\u2713\u00a0Tomruk Y\u00fckleme<\/strong>\u00a0| Hidrolik a\u00e7\u0131l\u0131r kapan\u0131r k\u00f6pr\u00fcler<\/p><p><br \/><strong>\u2713\u00a0\u0130lerleme H\u0131z\u0131\u00a0<\/strong>\u00a0| 30 m \/ dk.<\/p><p><br \/><strong>\u2713 Hauptmaschine<\/strong>\u00a0| 7,5 kW red\u00fckt\u00f6r<\/p><p><br \/><strong>\u2713\u00a0Nakliye \u015eekli\u00a0<\/strong>\u00a0| Demonte<\/p><p><br \/><strong>\u2713\u00a0Montaj \/ \u00c7al\u0131\u015ft\u0131rma\u00a0<\/strong>\u00a0| Yerinde montaj ve kurulum<\/p><p><br \/><strong>\u2713\u00a0Takribi A\u011f\u0131rl\u0131\u011f\u0131\u00a0<\/strong>\u00a0| 2750 Kg<\/p><p><br \/><strong>\u2713 Abmessungen\u00a0<\/strong>\u00a0| 400 X 20 X 100 cm (Uzunluk Geni\u015flik Y\u00fckseklik)\u00a0 \u00a0 \u00a0<\/p>\t\t\t\t\t\t<\/div>\n\t\t\t\t<\/div>\n\t\t\t\t\t<\/div>\n\t\t<\/div>\n\t\t\t\t\t<\/div>\n\t\t<\/section>\n\t\t\t\t<\/div>","protected":false},"excerpt":{"rendered":"<p>TOMRUK Y\u00dcKLEME RAMPASI -H\u0130DROL\u0130K &#8211; 4 mt.\u00a0 &#8211; 4 Ayakl\u0131 Teknik Detaylar \u2713\u00a0\u015ease Tipi\u00a0| 4 Ayakl\u0131 ( 4 s\u0131ra 180 lik NPI \u00c7elik) \u2713\u00a0Tomruk Ta\u015f\u0131ma Sistemi\u00a0| Zincirli Palet Ta\u015f\u0131ma \u2713\u00a0Tomruk Y\u00fckleme\u00a0| Hidrolik a\u00e7\u0131l\u0131r kapan\u0131r k\u00f6pr\u00fcler \u2713\u00a0\u0130lerleme H\u0131z\u0131\u00a0\u00a0| 30 m \/ dk. \u2713\u00a0Ana Motor\u00a0| 7,5 kW red\u00fckt\u00f6r \u2713\u00a0Nakliye \u015eekli\u00a0\u00a0| Demonte \u2713\u00a0Montaj \/ \u00c7al\u0131\u015ft\u0131rma\u00a0\u00a0| Yerinde montaj ve [&hellip;]<\/p>","protected":false},"author":1,"featured_media":0,"parent":0,"menu_order":0,"comment_status":"closed","ping_status":"closed","template":"","meta":{"footnotes":""},"class_list":["post-5844","page","type-page","status-publish","hentry"],"_links":{"self":[{"href":"https:\/\/fimaksan.com\/de\/wp-json\/wp\/v2\/pages\/5844","targetHints":{"allow":["GET"]}}],"collection":[{"href":"https:\/\/fimaksan.com\/de\/wp-json\/wp\/v2\/pages"}],"about":[{"href":"https:\/\/fimaksan.com\/de\/wp-json\/wp\/v2\/types\/page"}],"author":[{"embeddable":true,"href":"https:\/\/fimaksan.com\/de\/wp-json\/wp\/v2\/users\/1"}],"replies":[{"embeddable":true,"href":"https:\/\/fimaksan.com\/de\/wp-json\/wp\/v2\/comments?post=5844"}],"version-history":[{"count":4,"href":"https:\/\/fimaksan.com\/de\/wp-json\/wp\/v2\/pages\/5844\/revisions"}],"predecessor-version":[{"id":5851,"href":"https:\/\/fimaksan.com\/de\/wp-json\/wp\/v2\/pages\/5844\/revisions\/5851"}],"wp:attachment":[{"href":"https:\/\/fimaksan.com\/de\/wp-json\/wp\/v2\/media?parent=5844"}],"curies":[{"name":"wp","href":"https:\/\/api.w.org\/{rel}","templated":true}]}}