{"id":5805,"date":"2023-04-11T13:19:53","date_gmt":"2023-04-11T10:19:53","guid":{"rendered":"https:\/\/www.hilkomyazilim.com.tr\/fimaksan\/?page_id=5805"},"modified":"2023-04-11T13:21:48","modified_gmt":"2023-04-11T10:21:48","slug":"boyuna-kalas-goturucu-7-mt","status":"publish","type":"page","link":"https:\/\/fimaksan.com\/de\/boyuna-kalas-goturucu-7-mt\/","title":{"rendered":"Boyuna Kalas G\u00f6t\u00fcr\u00fcc\u00fc \/ 7 mt."},"content":{"rendered":"<div data-elementor-type=\"wp-page\" data-elementor-id=\"5805\" class=\"elementor elementor-5805\">\n\t\t\t\t\t\t<section class=\"elementor-section elementor-top-section elementor-element elementor-element-50939a1 elementor-section-stretched elementor-section-boxed elementor-section-height-default elementor-section-height-default\" data-id=\"50939a1\" data-element_type=\"section\" data-settings=\"{&quot;stretch_section&quot;:&quot;section-stretched&quot;}\">\n\t\t\t\t\t\t<div class=\"elementor-container elementor-column-gap-default\">\n\t\t\t\t\t<div class=\"elementor-column elementor-col-50 elementor-top-column elementor-element elementor-element-fa36012\" data-id=\"fa36012\" data-element_type=\"column\">\n\t\t\t<div class=\"elementor-widget-wrap elementor-element-populated\">\n\t\t\t\t\t\t<div class=\"elementor-element elementor-element-e5085c9 elementor-widget elementor-widget-creote-simple-image-box-v1\" data-id=\"e5085c9\" data-element_type=\"widget\" data-widget_type=\"creote-simple-image-box-v1.default\">\n\t\t\t\t<div class=\"elementor-widget-container\">\n\t\t\t<div class=\"simple_image_boxes  parallax_cover\"   data-aos=\"fade-up\" data-aos-delay=\"0\"  data-aos-offset=\"0\" >\r\n   <img decoding=\"async\" src=\"https:\/\/fimaksan.com\/\/wp-content\/uploads\/2023\/04\/dMC3cSAIbwaEGMEo7S8fdOYibfjQMADEJJ2tRem4.jpeg\" class=\"simp_img cover-parallax\" alt=\"\" \/>\r\n<\/div>\r\n\t\t<\/div>\n\t\t\t\t<\/div>\n\t\t\t\t\t<\/div>\n\t\t<\/div>\n\t\t\t\t<div class=\"elementor-column elementor-col-50 elementor-top-column elementor-element elementor-element-01e3c83\" data-id=\"01e3c83\" data-element_type=\"column\">\n\t\t\t<div class=\"elementor-widget-wrap elementor-element-populated\">\n\t\t\t\t\t\t<div class=\"elementor-element elementor-element-960822e elementor-widget elementor-widget-text-editor\" data-id=\"960822e\" data-element_type=\"widget\" data-widget_type=\"text-editor.default\">\n\t\t\t\t<div class=\"elementor-widget-container\">\n\t\t\t\t\t\t\t<div>BOYUNA KALAS G\u00d6T\u00dcR\u00dcC\u00dc<\/div><div>\u00a0<\/div><div>&#8211;\u00a0STOPERL\u0130<\/div><div>\u00a0<\/div><div>&#8211; 7 mt.\u00a0<\/div>\t\t\t\t\t\t<\/div>\n\t\t\t\t<\/div>\n\t\t\t\t\t<\/div>\n\t\t<\/div>\n\t\t\t\t\t<\/div>\n\t\t<\/section>\n\t\t\t\t<section class=\"elementor-section elementor-top-section elementor-element elementor-element-954f9bf elementor-section-stretched elementor-section-boxed elementor-section-height-default elementor-section-height-default\" data-id=\"954f9bf\" data-element_type=\"section\" data-settings=\"{&quot;stretch_section&quot;:&quot;section-stretched&quot;}\">\n\t\t\t\t\t\t<div class=\"elementor-container elementor-column-gap-default\">\n\t\t\t\t\t<div class=\"elementor-column elementor-col-100 elementor-top-column elementor-element elementor-element-cac0306\" data-id=\"cac0306\" data-element_type=\"column\">\n\t\t\t<div class=\"elementor-widget-wrap elementor-element-populated\">\n\t\t\t\t\t\t<div class=\"elementor-element elementor-element-7b06324 elementor-widget elementor-widget-creote-heading-v2\" data-id=\"7b06324\" data-element_type=\"widget\" data-widget_type=\"creote-heading-v2.default\">\n\t\t\t\t<div class=\"elementor-widget-container\">\n\t\t\t<div class=\"heading type_one text_center\">  <div class=\"small_text\">    Technische Details <\/div>    <\/div>\r\n\t\t<\/div>\n\t\t\t\t<\/div>\n\t\t\t\t<div class=\"elementor-element elementor-element-8d0dcc7 elementor-widget elementor-widget-text-editor\" data-id=\"8d0dcc7\" data-element_type=\"widget\" data-widget_type=\"text-editor.default\">\n\t\t\t\t<div class=\"elementor-widget-container\">\n\t\t\t\t\t\t\t<p><strong>\u2713\u00a0 <\/strong><strong>Boyuna Kalas G\u00f6t\u00fcr\u00fcc\u00fc Sistem<\/strong>\u00a0| Helisel makara sistemi<\/p><p><br \/><strong>\u2713\u00a0 Tahrik \u015eekli<\/strong>\u00a0| Zincir-di\u015fli sistem<\/p><p><br \/><strong>\u2713\u00a0 G\u00f6t\u00fcrme H\u0131z\u0131<\/strong>\u00a0| 0-50 m\/dak.<\/p><p><br \/><strong>\u2713\u00a0 Ana Motor\u00a0<\/strong>\u00a0| 1,5 kW<\/p><p><br \/><strong>\u2713\u00a0 Sevkiyat \u015eekli<\/strong>\u00a0| Monteli<\/p><p><br \/><strong>\u2713\u00a0 Stoper Makara Hareketi<\/strong>\u00a0| Ayn\u0131 zincir\u2013di\u015fli sistemine ba\u011fl\u0131<\/p><p><br \/><strong>\u2713\u00a0 Stoper Yukar\u0131 Hareketi<\/strong>\u00a0| Pn\u00f6matik silindirli<\/p><p><br \/><strong>\u2713 Gewicht<\/strong>\u00a0| 1100 Kg<\/p><p><br \/><strong>\u2713 Abmessungen\u00a0<\/strong>\u00a0| 700 X 100 X 75 cm (Uzunluk Geni\u015flik Y\u00fckseklik)<\/p>\t\t\t\t\t\t<\/div>\n\t\t\t\t<\/div>\n\t\t\t\t\t<\/div>\n\t\t<\/div>\n\t\t\t\t\t<\/div>\n\t\t<\/section>\n\t\t\t\t<\/div>","protected":false},"excerpt":{"rendered":"<p>BOYUNA KALAS G\u00d6T\u00dcR\u00dcC\u00dc\u00a0&#8211;\u00a0STOPERL\u0130\u00a0&#8211; 7 mt.\u00a0 Teknik Detaylar \u2713\u00a0 Boyuna Kalas G\u00f6t\u00fcr\u00fcc\u00fc Sistem\u00a0| Helisel makara sistemi \u2713\u00a0 Tahrik \u015eekli\u00a0| Zincir-di\u015fli sistem \u2713\u00a0 G\u00f6t\u00fcrme H\u0131z\u0131\u00a0| 0-50 m\/dak. \u2713\u00a0 Ana Motor\u00a0\u00a0| 1,5 kW \u2713\u00a0 Sevkiyat \u015eekli\u00a0| Monteli \u2713\u00a0 Stoper Makara Hareketi\u00a0| Ayn\u0131 zincir\u2013di\u015fli sistemine ba\u011fl\u0131 \u2713\u00a0 Stoper Yukar\u0131 Hareketi\u00a0| Pn\u00f6matik silindirli \u2713\u00a0 A\u011f\u0131rl\u0131k\u00a0| 1100 Kg \u2713\u00a0 Boyutlar\u00a0\u00a0| 700 [&hellip;]<\/p>","protected":false},"author":1,"featured_media":0,"parent":0,"menu_order":0,"comment_status":"closed","ping_status":"closed","template":"","meta":{"footnotes":""},"class_list":["post-5805","page","type-page","status-publish","hentry"],"_links":{"self":[{"href":"https:\/\/fimaksan.com\/de\/wp-json\/wp\/v2\/pages\/5805","targetHints":{"allow":["GET"]}}],"collection":[{"href":"https:\/\/fimaksan.com\/de\/wp-json\/wp\/v2\/pages"}],"about":[{"href":"https:\/\/fimaksan.com\/de\/wp-json\/wp\/v2\/types\/page"}],"author":[{"embeddable":true,"href":"https:\/\/fimaksan.com\/de\/wp-json\/wp\/v2\/users\/1"}],"replies":[{"embeddable":true,"href":"https:\/\/fimaksan.com\/de\/wp-json\/wp\/v2\/comments?post=5805"}],"version-history":[{"count":4,"href":"https:\/\/fimaksan.com\/de\/wp-json\/wp\/v2\/pages\/5805\/revisions"}],"predecessor-version":[{"id":5813,"href":"https:\/\/fimaksan.com\/de\/wp-json\/wp\/v2\/pages\/5805\/revisions\/5813"}],"wp:attachment":[{"href":"https:\/\/fimaksan.com\/de\/wp-json\/wp\/v2\/media?parent=5805"}],"curies":[{"name":"wp","href":"https:\/\/api.w.org\/{rel}","templated":true}]}}