{"id":5784,"date":"2023-04-11T12:56:27","date_gmt":"2023-04-11T09:56:27","guid":{"rendered":"https:\/\/www.hilkomyazilim.com.tr\/fimaksan\/?page_id=5784"},"modified":"2024-09-25T16:43:08","modified_gmt":"2024-09-25T13:43:08","slug":"boyuna-kalas-goturucu","status":"publish","type":"page","link":"https:\/\/fimaksan.com\/de\/boyuna-kalas-goturucu\/","title":{"rendered":"Plank-L\u00e4ngsantrieb"},"content":{"rendered":"<div data-elementor-type=\"wp-page\" data-elementor-id=\"5784\" class=\"elementor elementor-5784\">\n\t\t\t\t\t\t<section class=\"elementor-section elementor-top-section elementor-element elementor-element-f7aa821 elementor-section-stretched elementor-section-boxed elementor-section-height-default elementor-section-height-default\" data-id=\"f7aa821\" data-element_type=\"section\" data-settings=\"{&quot;stretch_section&quot;:&quot;section-stretched&quot;}\">\n\t\t\t\t\t\t<div class=\"elementor-container elementor-column-gap-default\">\n\t\t\t\t\t<div class=\"elementor-column elementor-col-25 elementor-top-column elementor-element elementor-element-02350e5\" data-id=\"02350e5\" data-element_type=\"column\">\n\t\t\t<div class=\"elementor-widget-wrap elementor-element-populated\">\n\t\t\t\t\t\t<section class=\"elementor-section elementor-inner-section elementor-element elementor-element-862f5ee elementor-section-boxed elementor-section-height-default elementor-section-height-default\" data-id=\"862f5ee\" data-element_type=\"section\">\n\t\t\t\t\t\t<div class=\"elementor-container elementor-column-gap-default\">\n\t\t\t\t\t<div class=\"elementor-column elementor-col-100 elementor-inner-column elementor-element elementor-element-b26aaa6\" data-id=\"b26aaa6\" data-element_type=\"column\">\n\t\t\t<div class=\"elementor-widget-wrap elementor-element-populated\">\n\t\t\t\t\t\t<div class=\"elementor-element elementor-element-238c0a2 elementor-widget elementor-widget-creote-simple-image-box-v1\" data-id=\"238c0a2\" data-element_type=\"widget\" data-widget_type=\"creote-simple-image-box-v1.default\">\n\t\t\t\t<div class=\"elementor-widget-container\">\n\t\t\t<div class=\"simple_image_boxes\"   data-aos=\"fade-up\" data-aos-delay=\"0\"  data-aos-offset=\"0\" >\r\n   <img decoding=\"async\" src=\"https:\/\/fimaksan.com\/\/wp-content\/uploads\/2023\/04\/gYgpnuunavjI9DcaOOrQXfcn7RmIgNGqanadDjJ2-scaled.jpeg\" class=\"simp_img\" alt=\"\" \/>\r\n<\/div>\r\n\t\t<\/div>\n\t\t\t\t<\/div>\n\t\t\t\t<div class=\"elementor-element elementor-element-5c1f1b9 elementor-widget elementor-widget-creote-heading-v2\" data-id=\"5c1f1b9\" data-element_type=\"widget\" data-widget_type=\"creote-heading-v2.default\">\n\t\t\t\t<div class=\"elementor-widget-container\">\n\t\t\t<div class=\"heading type_one text_left\">  <div class=\"small_text\">    Boyuna Kalas G\u00f6t\u00fcr\u00fcc\u00fc \/ 8 mt. <\/div>    <div class=\"heading_text\"> <a href=\"https:\/\/fimaksan.com\/de\/boyuna-kalas-goturucu-8-mt\/\"> Gehe zum Produkt <\/a><\/div>    <\/div>\r\n\t\t<\/div>\n\t\t\t\t<\/div>\n\t\t\t\t\t<\/div>\n\t\t<\/div>\n\t\t\t\t\t<\/div>\n\t\t<\/section>\n\t\t\t\t\t<\/div>\n\t\t<\/div>\n\t\t\t\t<div class=\"elementor-column elementor-col-25 elementor-top-column elementor-element elementor-element-69fbc02\" data-id=\"69fbc02\" data-element_type=\"column\">\n\t\t\t<div class=\"elementor-widget-wrap elementor-element-populated\">\n\t\t\t\t\t\t<section class=\"elementor-section elementor-inner-section elementor-element elementor-element-cda0f3f elementor-section-boxed elementor-section-height-default elementor-section-height-default\" data-id=\"cda0f3f\" data-element_type=\"section\">\n\t\t\t\t\t\t<div class=\"elementor-container elementor-column-gap-default\">\n\t\t\t\t\t<div class=\"elementor-column elementor-col-100 elementor-inner-column elementor-element elementor-element-5ef553f\" data-id=\"5ef553f\" data-element_type=\"column\">\n\t\t\t<div class=\"elementor-widget-wrap elementor-element-populated\">\n\t\t\t\t\t\t<div class=\"elementor-element elementor-element-2fcb6d7 elementor-widget elementor-widget-creote-simple-image-box-v1\" data-id=\"2fcb6d7\" data-element_type=\"widget\" data-widget_type=\"creote-simple-image-box-v1.default\">\n\t\t\t\t<div class=\"elementor-widget-container\">\n\t\t\t<div class=\"simple_image_boxes\"   data-aos=\"fade-up\" data-aos-delay=\"0\"  data-aos-offset=\"0\" >\r\n   <img decoding=\"async\" src=\"https:\/\/fimaksan.com\/\/wp-content\/uploads\/2023\/04\/dMC3cSAIbwaEGMEo7S8fdOYibfjQMADEJJ2tRem4.jpeg\" class=\"simp_img\" alt=\"\" \/>\r\n<\/div>\r\n\t\t<\/div>\n\t\t\t\t<\/div>\n\t\t\t\t<div class=\"elementor-element elementor-element-c3cc1b6 elementor-widget elementor-widget-creote-heading-v2\" data-id=\"c3cc1b6\" data-element_type=\"widget\" data-widget_type=\"creote-heading-v2.default\">\n\t\t\t\t<div class=\"elementor-widget-container\">\n\t\t\t<div class=\"heading type_one text_left\">  <div class=\"small_text\">    Boyuna Kalas G\u00f6t\u00fcr\u00fcc\u00fc \/ 7 mt. <\/div>    <div class=\"heading_text\"> <a href=\"https:\/\/fimaksan.com\/de\/boyuna-kalas-goturucu-7-mt\/\"> Gehe zum Produkt <\/a><\/div>    <\/div>\r\n\t\t<\/div>\n\t\t\t\t<\/div>\n\t\t\t\t\t<\/div>\n\t\t<\/div>\n\t\t\t\t\t<\/div>\n\t\t<\/section>\n\t\t\t\t\t<\/div>\n\t\t<\/div>\n\t\t\t\t<div class=\"elementor-column elementor-col-25 elementor-top-column elementor-element elementor-element-66a2111\" data-id=\"66a2111\" data-element_type=\"column\">\n\t\t\t<div class=\"elementor-widget-wrap elementor-element-populated\">\n\t\t\t\t\t\t<section class=\"elementor-section elementor-inner-section elementor-element elementor-element-3dbba13 elementor-section-boxed elementor-section-height-default elementor-section-height-default\" data-id=\"3dbba13\" data-element_type=\"section\">\n\t\t\t\t\t\t<div class=\"elementor-container elementor-column-gap-default\">\n\t\t\t\t\t<div class=\"elementor-column elementor-col-100 elementor-inner-column elementor-element elementor-element-192e288\" data-id=\"192e288\" data-element_type=\"column\">\n\t\t\t<div class=\"elementor-widget-wrap elementor-element-populated\">\n\t\t\t\t\t\t<div class=\"elementor-element elementor-element-1e782c7 elementor-widget elementor-widget-creote-simple-image-box-v1\" data-id=\"1e782c7\" data-element_type=\"widget\" data-widget_type=\"creote-simple-image-box-v1.default\">\n\t\t\t\t<div class=\"elementor-widget-container\">\n\t\t\t<div class=\"simple_image_boxes\"   data-aos=\"fade-up\" data-aos-delay=\"0\"  data-aos-offset=\"0\" >\r\n   <img decoding=\"async\" src=\"https:\/\/fimaksan.com\/\/wp-content\/uploads\/2023\/04\/ANd94SgpoorpzaL1tR4rBmFgS67qfT4mz1wH9pZz.jpeg\" class=\"simp_img\" alt=\"\" \/>\r\n<\/div>\r\n\t\t<\/div>\n\t\t\t\t<\/div>\n\t\t\t\t<div class=\"elementor-element elementor-element-9c70d73 elementor-widget elementor-widget-creote-heading-v2\" data-id=\"9c70d73\" data-element_type=\"widget\" data-widget_type=\"creote-heading-v2.default\">\n\t\t\t\t<div class=\"elementor-widget-container\">\n\t\t\t<div class=\"heading type_one text_left\">  <div class=\"small_text\">    Boyuna Kalas G\u00f6t\u00fcr\u00fcc\u00fc \/ 8 mt. \/ Stopersiz <\/div>    <div class=\"heading_text\"> <a href=\"https:\/\/fimaksan.com\/de\/boyuna-kalas-goturucu-8-mt-stopersiz\/\"> Gehe zum Produkt <\/a><\/div>    <\/div>\r\n\t\t<\/div>\n\t\t\t\t<\/div>\n\t\t\t\t\t<\/div>\n\t\t<\/div>\n\t\t\t\t\t<\/div>\n\t\t<\/section>\n\t\t\t\t\t<\/div>\n\t\t<\/div>\n\t\t\t\t<div class=\"elementor-column elementor-col-25 elementor-top-column elementor-element elementor-element-b868a04\" data-id=\"b868a04\" data-element_type=\"column\">\n\t\t\t<div class=\"elementor-widget-wrap elementor-element-populated\">\n\t\t\t\t\t\t<section class=\"elementor-section elementor-inner-section elementor-element elementor-element-7ba46be elementor-section-boxed elementor-section-height-default elementor-section-height-default\" data-id=\"7ba46be\" data-element_type=\"section\">\n\t\t\t\t\t\t<div class=\"elementor-container elementor-column-gap-default\">\n\t\t\t\t\t<div class=\"elementor-column elementor-col-100 elementor-inner-column elementor-element elementor-element-6d7bae4\" data-id=\"6d7bae4\" data-element_type=\"column\">\n\t\t\t<div class=\"elementor-widget-wrap elementor-element-populated\">\n\t\t\t\t\t\t<div class=\"elementor-element elementor-element-b72c234 elementor-widget elementor-widget-creote-simple-image-box-v1\" data-id=\"b72c234\" data-element_type=\"widget\" data-widget_type=\"creote-simple-image-box-v1.default\">\n\t\t\t\t<div class=\"elementor-widget-container\">\n\t\t\t<div class=\"simple_image_boxes\"   data-aos=\"fade-up\" data-aos-delay=\"0\"  data-aos-offset=\"0\" >\r\n   <img decoding=\"async\" src=\"https:\/\/fimaksan.com\/\/wp-content\/uploads\/2023\/04\/x4aYYn73eHD485CNQVe1T1X2KsibuPyHBwRw280q-scaled.jpeg\" class=\"simp_img\" alt=\"\" \/>\r\n<\/div>\r\n\t\t<\/div>\n\t\t\t\t<\/div>\n\t\t\t\t<div class=\"elementor-element elementor-element-7896614 elementor-widget elementor-widget-creote-heading-v2\" data-id=\"7896614\" data-element_type=\"widget\" data-widget_type=\"creote-heading-v2.default\">\n\t\t\t\t<div class=\"elementor-widget-container\">\n\t\t\t<div class=\"heading type_one text_left\">  <div class=\"small_text\">    Boyuna Kalas G\u00f6t\u00fcr\u00fcc\u00fc \/ 8 mt. \/ Kar\u015f\u0131lamal\u0131 \/ Stoperli <\/div>    <div class=\"heading_text\"> <a href=\"https:\/\/fimaksan.com\/de\/boyuna-kalas-goturucu-8-mt-karsilamali-stoperli\/\"> Gehe zum Produkt <\/a><\/div>    <\/div>\r\n\t\t<\/div>\n\t\t\t\t<\/div>\n\t\t\t\t\t<\/div>\n\t\t<\/div>\n\t\t\t\t\t<\/div>\n\t\t<\/section>\n\t\t\t\t\t<\/div>\n\t\t<\/div>\n\t\t\t\t\t<\/div>\n\t\t<\/section>\n\t\t\t\t<\/div>","protected":false},"excerpt":{"rendered":"<p>Boyuna Kalas G\u00f6t\u00fcr\u00fcc\u00fc \/ 8 mt. \u00dcr\u00fcn&#8217;e Git \u2192 Boyuna Kalas G\u00f6t\u00fcr\u00fcc\u00fc \/ 7 mt. \u00dcr\u00fcn&#8217;e Git \u2192 Boyuna Kalas G\u00f6t\u00fcr\u00fcc\u00fc \/ 8 mt. \/ Stopersiz \u00dcr\u00fcn&#8217;e Git \u2192 Boyuna Kalas G\u00f6t\u00fcr\u00fcc\u00fc \/ 8 mt. \/ Kar\u015f\u0131lamal\u0131 \/ Stoperli \u00dcr\u00fcn&#8217;e Git \u2192<\/p>","protected":false},"author":1,"featured_media":0,"parent":0,"menu_order":0,"comment_status":"closed","ping_status":"closed","template":"","meta":{"footnotes":""},"class_list":["post-5784","page","type-page","status-publish","hentry"],"_links":{"self":[{"href":"https:\/\/fimaksan.com\/de\/wp-json\/wp\/v2\/pages\/5784","targetHints":{"allow":["GET"]}}],"collection":[{"href":"https:\/\/fimaksan.com\/de\/wp-json\/wp\/v2\/pages"}],"about":[{"href":"https:\/\/fimaksan.com\/de\/wp-json\/wp\/v2\/types\/page"}],"author":[{"embeddable":true,"href":"https:\/\/fimaksan.com\/de\/wp-json\/wp\/v2\/users\/1"}],"replies":[{"embeddable":true,"href":"https:\/\/fimaksan.com\/de\/wp-json\/wp\/v2\/comments?post=5784"}],"version-history":[{"count":28,"href":"https:\/\/fimaksan.com\/de\/wp-json\/wp\/v2\/pages\/5784\/revisions"}],"predecessor-version":[{"id":7720,"href":"https:\/\/fimaksan.com\/de\/wp-json\/wp\/v2\/pages\/5784\/revisions\/7720"}],"wp:attachment":[{"href":"https:\/\/fimaksan.com\/de\/wp-json\/wp\/v2\/media?parent=5784"}],"curies":[{"name":"wp","href":"https:\/\/api.w.org\/{rel}","templated":true}]}}