{"id":5757,"date":"2023-04-10T16:42:11","date_gmt":"2023-04-10T13:42:11","guid":{"rendered":"https:\/\/www.hilkomyazilim.com.tr\/fimaksan\/?page_id=5757"},"modified":"2023-04-14T13:50:39","modified_gmt":"2023-04-14T10:50:39","slug":"testere-kaynak-stellit-uc","status":"publish","type":"page","link":"https:\/\/fimaksan.com\/de\/testere-kaynak-stellit-uc\/","title":{"rendered":"Testere Kaynak \/ Stellit U\u00e7"},"content":{"rendered":"<div data-elementor-type=\"wp-page\" data-elementor-id=\"5757\" class=\"elementor elementor-5757\">\n\t\t\t\t\t\t<section class=\"elementor-section elementor-top-section elementor-element elementor-element-1b5c1a1 elementor-section-stretched elementor-section-boxed elementor-section-height-default elementor-section-height-default\" data-id=\"1b5c1a1\" data-element_type=\"section\" data-settings=\"{&quot;stretch_section&quot;:&quot;section-stretched&quot;}\">\n\t\t\t\t\t\t<div class=\"elementor-container elementor-column-gap-default\">\n\t\t\t\t\t<div class=\"elementor-column elementor-col-50 elementor-top-column elementor-element elementor-element-fbb4356\" data-id=\"fbb4356\" data-element_type=\"column\">\n\t\t\t<div class=\"elementor-widget-wrap elementor-element-populated\">\n\t\t\t\t\t\t<div class=\"elementor-element elementor-element-2c2fef9 elementor-widget elementor-widget-creote-simple-image-box-v1\" data-id=\"2c2fef9\" data-element_type=\"widget\" data-widget_type=\"creote-simple-image-box-v1.default\">\n\t\t\t\t<div class=\"elementor-widget-container\">\n\t\t\t<div class=\"simple_image_boxes\"   data-aos=\"fade-up\" data-aos-delay=\"0\"  data-aos-offset=\"0\" >\r\n   <img decoding=\"async\" src=\"https:\/\/fimaksan.com\/\/wp-content\/uploads\/2023\/04\/3fvBNbLoliPPo0uCXAyzb19XoAqutWEvXEPDXqX5.png\" class=\"simp_img\" alt=\"\" \/>\r\n<\/div>\r\n\t\t<\/div>\n\t\t\t\t<\/div>\n\t\t\t\t\t<\/div>\n\t\t<\/div>\n\t\t\t\t<div class=\"elementor-column elementor-col-50 elementor-top-column elementor-element elementor-element-db6e8a1\" data-id=\"db6e8a1\" data-element_type=\"column\">\n\t\t\t<div class=\"elementor-widget-wrap elementor-element-populated\">\n\t\t\t\t\t\t<div class=\"elementor-element elementor-element-5d46015 elementor-widget elementor-widget-text-editor\" data-id=\"5d46015\" data-element_type=\"widget\" data-widget_type=\"text-editor.default\">\n\t\t\t\t<div class=\"elementor-widget-container\">\n\t\t\t\t\t\t\t<p>\u015eerit testerelerin kesici di\u015f u\u00e7lar\u0131na \u201cStellit\u201d \u00e7ubu\u011fun kaynat\u0131lmas\u0131 i\u00e7in \u00f6zel olarak tasarlanm\u0131\u015ft\u0131r. Stellit u\u00e7, \u015ferit testere di\u015fine elektrik kayna\u011f\u0131yla kaynat\u0131l\u0131r. Kaynak i\u00e7in \u00a0 \u015ferit testerenin kal\u0131nl\u0131\u011f\u0131na ve Stellit \u00e7ubu\u011fun \u00e7ap\u0131na g\u00f6re de\u011fi\u015fen elektrik ak\u0131m\u0131 gerekmektedir. Kaynat\u0131lm\u0131\u015f Stellit \u00e7ubuk makinan\u0131n \u00fczerine monte edilmi\u015f kesme motoruyla manuel olarak kesilir.<\/p>\t\t\t\t\t\t<\/div>\n\t\t\t\t<\/div>\n\t\t\t\t\t<\/div>\n\t\t<\/div>\n\t\t\t\t\t<\/div>\n\t\t<\/section>\n\t\t\t\t<section class=\"elementor-section elementor-top-section elementor-element elementor-element-ef83d54 elementor-section-stretched elementor-section-boxed elementor-section-height-default elementor-section-height-default\" data-id=\"ef83d54\" data-element_type=\"section\" data-settings=\"{&quot;stretch_section&quot;:&quot;section-stretched&quot;}\">\n\t\t\t\t\t\t<div class=\"elementor-container elementor-column-gap-default\">\n\t\t\t\t\t<div class=\"elementor-column elementor-col-100 elementor-top-column elementor-element elementor-element-923ee82\" data-id=\"923ee82\" data-element_type=\"column\">\n\t\t\t<div class=\"elementor-widget-wrap elementor-element-populated\">\n\t\t\t\t\t\t<div class=\"elementor-element elementor-element-5795865 elementor-widget elementor-widget-creote-heading-v2\" data-id=\"5795865\" data-element_type=\"widget\" data-widget_type=\"creote-heading-v2.default\">\n\t\t\t\t<div class=\"elementor-widget-container\">\n\t\t\t<div class=\"heading type_one text_center\">  <div class=\"small_text\">    Technische Details <\/div>    <\/div>\r\n\t\t<\/div>\n\t\t\t\t<\/div>\n\t\t\t\t<div class=\"elementor-element elementor-element-0604838 elementor-widget elementor-widget-text-editor\" data-id=\"0604838\" data-element_type=\"widget\" data-widget_type=\"text-editor.default\">\n\t\t\t\t<div class=\"elementor-widget-container\">\n\t\t\t\t\t\t\t<div><strong>\u2713 \u015eerit Testere Uzunluk<\/strong>\u00a0| Min: 5,5 mm<\/div>\n\n<div><strong>\u2713 Di\u015f \u00c7ekme <\/strong>\u00a0| 25 \u2013 60 mm<\/div>\n\n<div><strong>\u2713 Di\u015f Y\u00fckseklik <\/strong>\u00a0| 6 \u2013 30 mm<\/div>\n\n<div><strong>\u2713 Stellit \u00c7ubuk \u00c7ap<\/strong>\u00a0| \u00d8 4 mm \/ 5 mm \/ 6 mm<\/div>\n\n<div><strong>\u2713 Stellit Kesme Ta\u015f\u0131 \u00c7ap<\/strong>\u00a0| \u00d8 115 mm X 1,0 mm X 22 mm<\/div>\n\n<div><strong>\u2713 Stellit Kesme Ta\u015f\u0131 <\/strong>| A54 R BF80 \u2013 Metal<\/div>\n\n<div><strong>\u2713 Motor Say\u0131s\u0131<\/strong>\u00a0| 3<\/div>\n\n<div><strong>\u2713 Toplam G\u00fc\u00e7<\/strong>\u00a0| ~0,50 kW<\/div>\n\n<div><strong>\u2713 \u00c7al\u0131\u015fma Gerilimi<\/strong>\u00a0| 380 V, 3 faz, 50 Hz<\/div>\n\n<div><strong>\u2713 A\u011f\u0131rl\u0131k<\/strong>\u00a0| Net: 350 Br\u00fct: 375 kg<\/div>\n\n<div><strong>\u2713 Boyutlar<\/strong>\u00a0| 120 X 80 X 160 cm (Uzunluk Geni\u015flik Y\u00fckseklik )<div>\t\t\t\t\t\t<\/div>\n\t\t\t\t<\/div>\n\t\t\t\t\t<\/div>\n\t\t<\/div>\n\t\t\t\t\t<\/div>\n\t\t<\/section>\n\t\t\t\t<\/div>","protected":false},"excerpt":{"rendered":"<p>\u015eerit testerelerin kesici di\u015f u\u00e7lar\u0131na \u201cStellit\u201d \u00e7ubu\u011fun kaynat\u0131lmas\u0131 i\u00e7in \u00f6zel olarak tasarlanm\u0131\u015ft\u0131r. Stellit u\u00e7, \u015ferit testere di\u015fine elektrik kayna\u011f\u0131yla kaynat\u0131l\u0131r. Kaynak i\u00e7in \u00a0 \u015ferit testerenin kal\u0131nl\u0131\u011f\u0131na ve Stellit \u00e7ubu\u011fun \u00e7ap\u0131na g\u00f6re de\u011fi\u015fen elektrik ak\u0131m\u0131 gerekmektedir. Kaynat\u0131lm\u0131\u015f Stellit \u00e7ubuk makinan\u0131n \u00fczerine monte edilmi\u015f kesme motoruyla manuel olarak kesilir. Teknik Detaylar \u2713 \u015eerit Testere Uzunluk\u00a0| Min: 5,5 [&hellip;]<\/p>","protected":false},"author":1,"featured_media":0,"parent":0,"menu_order":0,"comment_status":"closed","ping_status":"closed","template":"","meta":{"footnotes":""},"class_list":["post-5757","page","type-page","status-publish","hentry"],"_links":{"self":[{"href":"https:\/\/fimaksan.com\/de\/wp-json\/wp\/v2\/pages\/5757","targetHints":{"allow":["GET"]}}],"collection":[{"href":"https:\/\/fimaksan.com\/de\/wp-json\/wp\/v2\/pages"}],"about":[{"href":"https:\/\/fimaksan.com\/de\/wp-json\/wp\/v2\/types\/page"}],"author":[{"embeddable":true,"href":"https:\/\/fimaksan.com\/de\/wp-json\/wp\/v2\/users\/1"}],"replies":[{"embeddable":true,"href":"https:\/\/fimaksan.com\/de\/wp-json\/wp\/v2\/comments?post=5757"}],"version-history":[{"count":7,"href":"https:\/\/fimaksan.com\/de\/wp-json\/wp\/v2\/pages\/5757\/revisions"}],"predecessor-version":[{"id":6848,"href":"https:\/\/fimaksan.com\/de\/wp-json\/wp\/v2\/pages\/5757\/revisions\/6848"}],"wp:attachment":[{"href":"https:\/\/fimaksan.com\/de\/wp-json\/wp\/v2\/media?parent=5757"}],"curies":[{"name":"wp","href":"https:\/\/api.w.org\/{rel}","templated":true}]}}