{"id":5656,"date":"2023-04-07T12:22:14","date_gmt":"2023-04-07T09:22:14","guid":{"rendered":"https:\/\/www.hilkomyazilim.com.tr\/fimaksan\/?page_id=5656"},"modified":"2023-05-07T19:16:42","modified_gmt":"2023-05-07T16:16:42","slug":"fi-130-tomruk-arabasi-uzaktan-kumandali-3-cizmeli-2","status":"publish","type":"page","link":"https:\/\/fimaksan.com\/de\/fi-130-tomruk-arabasi-uzaktan-kumandali-3-cizmeli-2\/","title":{"rendered":"F\u0130.130 Spannwagen - 3 Spannbock - Fernbedienung"},"content":{"rendered":"<div data-elementor-type=\"wp-page\" data-elementor-id=\"5656\" class=\"elementor elementor-5656\">\n\t\t\t\t\t\t<section class=\"elementor-section elementor-top-section elementor-element elementor-element-63ad19c elementor-section-stretched elementor-section-boxed elementor-section-height-default elementor-section-height-default\" data-id=\"63ad19c\" data-element_type=\"section\" data-settings=\"{&quot;stretch_section&quot;:&quot;section-stretched&quot;}\">\n\t\t\t\t\t\t<div class=\"elementor-container elementor-column-gap-default\">\n\t\t\t\t\t<div class=\"elementor-column elementor-col-33 elementor-top-column elementor-element elementor-element-04d3734\" data-id=\"04d3734\" data-element_type=\"column\">\n\t\t\t<div class=\"elementor-widget-wrap\">\n\t\t\t\t\t\t\t<\/div>\n\t\t<\/div>\n\t\t\t\t<div class=\"elementor-column elementor-col-33 elementor-top-column elementor-element elementor-element-2890afb\" data-id=\"2890afb\" data-element_type=\"column\">\n\t\t\t<div class=\"elementor-widget-wrap elementor-element-populated\">\n\t\t\t\t\t\t<div class=\"elementor-element elementor-element-a1c4d50 elementor-widget elementor-widget-text-editor\" data-id=\"a1c4d50\" data-element_type=\"widget\" data-widget_type=\"text-editor.default\">\n\t\t\t\t<div class=\"elementor-widget-container\">\n\t\t\t\t\t\t\t<p>F\u0130. 130 \/ UHKD 3 SPANNWAGEN - BEDIENFELD<\/p>\t\t\t\t\t\t<\/div>\n\t\t\t\t<\/div>\n\t\t\t\t<div class=\"elementor-element elementor-element-5415a52 elementor-widget elementor-widget-creote-simple-image-box-v1\" data-id=\"5415a52\" data-element_type=\"widget\" data-widget_type=\"creote-simple-image-box-v1.default\">\n\t\t\t\t<div class=\"elementor-widget-container\">\n\t\t\t<div class=\"simple_image_boxes\"   data-aos=\"fade-up\" data-aos-delay=\"0\"  data-aos-offset=\"0\" >\r\n   <img decoding=\"async\" src=\"https:\/\/fimaksan.com\/\/wp-content\/uploads\/2023\/04\/Adsiz-tasarim-5-e1681460996424.png\" class=\"simp_img\" alt=\"\" \/>\r\n<\/div>\r\n\t\t<\/div>\n\t\t\t\t<\/div>\n\t\t\t\t\t<\/div>\n\t\t<\/div>\n\t\t\t\t<div class=\"elementor-column elementor-col-33 elementor-top-column elementor-element elementor-element-8d8ad24\" data-id=\"8d8ad24\" data-element_type=\"column\">\n\t\t\t<div class=\"elementor-widget-wrap\">\n\t\t\t\t\t\t\t<\/div>\n\t\t<\/div>\n\t\t\t\t\t<\/div>\n\t\t<\/section>\n\t\t\t\t<section class=\"elementor-section elementor-top-section elementor-element elementor-element-aa04e97 elementor-section-stretched elementor-section-boxed elementor-section-height-default elementor-section-height-default\" data-id=\"aa04e97\" data-element_type=\"section\" data-settings=\"{&quot;stretch_section&quot;:&quot;section-stretched&quot;}\">\n\t\t\t\t\t\t<div class=\"elementor-container elementor-column-gap-default\">\n\t\t\t\t\t<div class=\"elementor-column elementor-col-50 elementor-top-column elementor-element elementor-element-c36b393\" data-id=\"c36b393\" data-element_type=\"column\">\n\t\t\t<div class=\"elementor-widget-wrap elementor-element-populated\">\n\t\t\t\t\t\t<div class=\"elementor-element elementor-element-fa958d2 elementor-widget elementor-widget-creote-heading-v2\" data-id=\"fa958d2\" data-element_type=\"widget\" data-widget_type=\"creote-heading-v2.default\">\n\t\t\t\t<div class=\"elementor-widget-container\">\n\t\t\t<div class=\"heading type_one text_center\">  <div class=\"small_text\">    Technische Details <\/div>    <\/div>\r\n\t\t<\/div>\n\t\t\t\t<\/div>\n\t\t\t\t<div class=\"elementor-element elementor-element-5ea770c elementor-widget elementor-widget-text-editor\" data-id=\"5ea770c\" data-element_type=\"widget\" data-widget_type=\"text-editor.default\">\n\t\t\t\t<div class=\"elementor-widget-container\">\n\t\t\t\t\t\t\t<div><strong>\u2713 Spannbock\u00f6ffnung<\/strong>\u00a0| Max: 1000 mm<\/div><div><strong>\u2713 Maximaler Stammdurchmesser<\/strong>\u00a0| 1150mm<\/div><div><strong>\u2713 Haken\u00f6ffnung<\/strong>\u00a0| Max: 1000 mm<\/div><div><strong>\u2713<\/strong> <strong>Hakenabstand (ein &amp; aus)<\/strong>\u00a0Min: 35 mm - Max: 145 mm<\/div><div><strong>\u2713<\/strong> <strong>Abstand zwischen Spannb\u00f6cken<\/strong>\u00a0| 1045 \u20132100 mm<\/div><div><strong>\u2713 Motor der Hydraulikeinheit<\/strong>\u00a0| 11kW<\/div><div><strong>\u2713\u00a0<\/strong> <strong>Wagenantriebsmotor<\/strong>\u00a0| 15 kW<\/div><div><strong>\u2713<\/strong> <strong>Schienenl\u00e4nge<\/strong>\u00a0| 18 mt<\/div><div><strong>\u2713<\/strong> <strong>Schienenbreite<\/strong>\u00a0| 1536 mm<\/div><div><strong>\u2713<\/strong> <strong>Gewicht\u00a0 \u00a0 \u00a0<\/strong>\u00a0| 6000 kg<\/div><div><strong>\u2713<\/strong> <strong>Abmessungen\u00a0<\/strong>\u00a0| 500 x 210 x 200 cm (L\u00e4nge Breite H\u00f6he)<\/div>\t\t\t\t\t\t<\/div>\n\t\t\t\t<\/div>\n\t\t\t\t\t<\/div>\n\t\t<\/div>\n\t\t\t\t<div class=\"elementor-column elementor-col-50 elementor-top-column elementor-element elementor-element-536989e\" data-id=\"536989e\" data-element_type=\"column\">\n\t\t\t<div class=\"elementor-widget-wrap elementor-element-populated\">\n\t\t\t\t\t\t<div class=\"elementor-element elementor-element-aed77ff elementor-widget elementor-widget-creote-simple-image-box-v1\" data-id=\"aed77ff\" data-element_type=\"widget\" data-widget_type=\"creote-simple-image-box-v1.default\">\n\t\t\t\t<div class=\"elementor-widget-container\">\n\t\t\t<div class=\"simple_image_boxes  parallax_cover\"   data-aos=\"fade-up\" data-aos-delay=\"0\"  data-aos-offset=\"0\" >\r\n   <img decoding=\"async\" src=\"https:\/\/fimaksan.com\/\/wp-content\/uploads\/2023\/04\/ZjM3rnnGKLNAQjntlHHYHFOYRZGNCiGN4051JXUk-1-scaled.jpeg\" class=\"simp_img cover-parallax\" alt=\"\" \/>\r\n<\/div>\r\n\t\t<\/div>\n\t\t\t\t<\/div>\n\t\t\t\t\t<\/div>\n\t\t<\/div>\n\t\t\t\t\t<\/div>\n\t\t<\/section>\n\t\t\t\t<section class=\"elementor-section elementor-top-section elementor-element elementor-element-06291e7 elementor-section-stretched elementor-section-boxed elementor-section-height-default elementor-section-height-default\" data-id=\"06291e7\" data-element_type=\"section\" data-settings=\"{&quot;stretch_section&quot;:&quot;section-stretched&quot;}\">\n\t\t\t\t\t\t<div class=\"elementor-container elementor-column-gap-default\">\n\t\t\t\t\t<div class=\"elementor-column elementor-col-100 elementor-top-column elementor-element elementor-element-838065c\" data-id=\"838065c\" data-element_type=\"column\">\n\t\t\t<div class=\"elementor-widget-wrap elementor-element-populated\">\n\t\t\t\t\t\t<div class=\"elementor-element elementor-element-31cc916 elementor-widget elementor-widget-creote-heading-v2\" data-id=\"31cc916\" data-element_type=\"widget\" data-widget_type=\"creote-heading-v2.default\">\n\t\t\t\t<div class=\"elementor-widget-container\">\n\t\t\t<div class=\"heading type_one text_center\">  <div class=\"small_text\">    Merkmale <\/div>    <\/div>\r\n\t\t<\/div>\n\t\t\t\t<\/div>\n\t\t\t\t<div class=\"elementor-element elementor-element-1770ad4 elementor-widget elementor-widget-text-editor\" data-id=\"1770ad4\" data-element_type=\"widget\" data-widget_type=\"text-editor.default\">\n\t\t\t\t<div class=\"elementor-widget-container\">\n\t\t\t\t\t\t\t<ul><li>Der von FIMAKSAN entwickelte Farb-Touchscreen bietet Positionierungsgeschwindigkeit und Benutzerfreundlichkeit mit 10 einstellbaren voreingestellten Messungen im Speicher.\u00a0<\/li><li>Das Bedienfeld wird einfach mit 2 Joystick-Griffen und Tasten gesteuert, die ergonomisch und sehr einfach zu bedienen sind. Mit dem Pedal kann die Stammrotation einfach durchgef\u00fchrt werden.\u00a0<\/li><li>Das spannwagenantrieb ist mit einem langlebigen elektrodynamischen System und einem Stahlseilantrieb ausgestattet. 120m\/Min. Schrittgeschwindigkeit ist Standard.\u00a0<\/li><li>Der spannbocken wird von einem 11-kW-Getriebemotor angetrieben. 320 mm Geschwindigkeit ist Standard.\u00a0<\/li><li>Der Motor der Hydraulikeinheit hat 11 kW. Die Haken werden durch Magnetventile bet\u00e4tigt und hydraulisch angetrieben. Die maximale stammkontrolle wird erreicht.<\/li><li>Das Drehen des Stammes erfolgt durch einen 3-kW-Untersetzungsmotor und eine Kette. Die Wender heben den Stamm leicht durch das Hydrauliksystem an.\u00a0<\/li><li>Ein- und ausfahrbare Haken und das feste Headblock-System (Knie) erm\u00f6glichen das Einspannen entsprechend unterschiedlicher Stammgr\u00f6\u00dfen. 35 mm - 145 mm<\/li><li>\u00a0Haken ein- und aush\u00e4ngen k\u00f6nnen unabh\u00e4ngig voneinander bedient werden, es ist eine Standardfunktion.<\/li><li>Es werden erstklassige elektronische Komponenten verwendet.\u00a0 \u00a0 \u00a0 \u00a0 \u00a0 \u00a0\u00a0<\/li><li>Zwischen dem Auto und dem Controller befindet sich ein Scherenkabeltragegriff.<\/li><li>Die w\u00e4rmebehandelte F\u00fchrung auf dem Stammbett hat eine lange Lebensdauer gegen Verschlei\u00df. (H\u00e4rte: 50 HRC).\u00a0<\/li><li>Die Stammbetten haben austauschbare Verschlei\u00dfplatten, die verhindern, dass der Stamm die F\u00fchrungsbahnen besch\u00e4digt.<\/li><li>Ein zeitgesteuertes automatisches Schmiersystem reduziert die Reibung zwischen Kopfbl\u00f6cken und den F\u00fchrungsbahnen.<\/li><li>Die SpannWagenkonstruktion ist so robust ausgelegt, dass sie viele Jahre ohne Bruch ihren Dienst tun kann.<\/li><\/ul>\t\t\t\t\t\t<\/div>\n\t\t\t\t<\/div>\n\t\t\t\t\t<\/div>\n\t\t<\/div>\n\t\t\t\t\t<\/div>\n\t\t<\/section>\n\t\t\t\t<section class=\"elementor-section elementor-top-section elementor-element elementor-element-9ebf269 elementor-section-boxed elementor-section-height-default elementor-section-height-default\" data-id=\"9ebf269\" data-element_type=\"section\">\n\t\t\t\t\t\t<div class=\"elementor-container elementor-column-gap-default\">\n\t\t\t\t\t<div class=\"elementor-column elementor-col-100 elementor-top-column elementor-element elementor-element-75473db\" data-id=\"75473db\" data-element_type=\"column\">\n\t\t\t<div class=\"elementor-widget-wrap elementor-element-populated\">\n\t\t\t\t\t\t<div class=\"elementor-element elementor-element-3c4576e elementor-widget elementor-widget-video\" data-id=\"3c4576e\" data-element_type=\"widget\" data-settings=\"{&quot;youtube_url&quot;:&quot;https:\\\/\\\/youtu.be\\\/mWUnYXMgBCs&quot;,&quot;video_type&quot;:&quot;youtube&quot;,&quot;controls&quot;:&quot;yes&quot;}\" data-widget_type=\"video.default\">\n\t\t\t\t<div class=\"elementor-widget-container\">\n\t\t\t\t\t<div class=\"elementor-wrapper elementor-open-inline\">\n\t\t\t<div class=\"elementor-video\"><\/div>\t\t<\/div>\n\t\t\t\t<\/div>\n\t\t\t\t<\/div>\n\t\t\t\t\t<\/div>\n\t\t<\/div>\n\t\t\t\t\t<\/div>\n\t\t<\/section>\n\t\t\t\t<\/div>","protected":false},"excerpt":{"rendered":"<p>F\u0130. 130 \/ UHKD 3 TOMRUK ARABASI UZAKTAN KUMANDALI Teknik Detaylar \u2713 \u00c7izme A\u00e7\u0131lma Mesafesi\u00a0| Max: 1000 mm\u2713 Kabul Edilen Tomruk \u00c7ap\u0131\u00a0| 1150 mm\u2713 Kanca A\u00e7\u0131lma Mesafesi\u00a0| Max: 1000 mm\u2713 Dayama ile Kanca aras\u0131 Mesafe\u00a0| \u0130\u00e7erde \/ Min: 35 mm, D\u0131\u015farda \/ Max: 145 mm\u2713 \u00c7izmeler Aras\u0131 Mesafe\u00a0| 1045 \u20132100 mm\u2713 Hidrolik \u00dcnite Motoru\u00a0| 11 [&hellip;]<\/p>","protected":false},"author":1,"featured_media":0,"parent":0,"menu_order":0,"comment_status":"closed","ping_status":"closed","template":"","meta":{"footnotes":""},"class_list":["post-5656","page","type-page","status-publish","hentry"],"_links":{"self":[{"href":"https:\/\/fimaksan.com\/de\/wp-json\/wp\/v2\/pages\/5656","targetHints":{"allow":["GET"]}}],"collection":[{"href":"https:\/\/fimaksan.com\/de\/wp-json\/wp\/v2\/pages"}],"about":[{"href":"https:\/\/fimaksan.com\/de\/wp-json\/wp\/v2\/types\/page"}],"author":[{"embeddable":true,"href":"https:\/\/fimaksan.com\/de\/wp-json\/wp\/v2\/users\/1"}],"replies":[{"embeddable":true,"href":"https:\/\/fimaksan.com\/de\/wp-json\/wp\/v2\/comments?post=5656"}],"version-history":[{"count":31,"href":"https:\/\/fimaksan.com\/de\/wp-json\/wp\/v2\/pages\/5656\/revisions"}],"predecessor-version":[{"id":7267,"href":"https:\/\/fimaksan.com\/de\/wp-json\/wp\/v2\/pages\/5656\/revisions\/7267"}],"wp:attachment":[{"href":"https:\/\/fimaksan.com\/de\/wp-json\/wp\/v2\/media?parent=5656"}],"curies":[{"name":"wp","href":"https:\/\/api.w.org\/{rel}","templated":true}]}}