{"id":5633,"date":"2023-04-07T12:09:33","date_gmt":"2023-04-07T09:09:33","guid":{"rendered":"https:\/\/www.hilkomyazilim.com.tr\/fimaksan\/?page_id=5633"},"modified":"2023-05-07T01:30:05","modified_gmt":"2023-05-06T22:30:05","slug":"fi-100-tomruk-arabasi-uzaktan-kumandali-3-cizmeli","status":"publish","type":"page","link":"https:\/\/fimaksan.com\/de\/fi-100-tomruk-arabasi-uzaktan-kumandali-3-cizmeli\/","title":{"rendered":"F\u0130.100 Spannwagen - Fernbedienung - 3 Spannbock"},"content":{"rendered":"<div data-elementor-type=\"wp-page\" data-elementor-id=\"5633\" class=\"elementor elementor-5633\">\n\t\t\t\t\t\t<section class=\"elementor-section elementor-top-section elementor-element elementor-element-45dca9b elementor-section-stretched elementor-section-boxed elementor-section-height-default elementor-section-height-default\" data-id=\"45dca9b\" data-element_type=\"section\" data-settings=\"{&quot;stretch_section&quot;:&quot;section-stretched&quot;}\">\n\t\t\t\t\t\t<div class=\"elementor-container elementor-column-gap-default\">\n\t\t\t\t\t<div class=\"elementor-column elementor-col-50 elementor-top-column elementor-element elementor-element-6a10134\" data-id=\"6a10134\" data-element_type=\"column\">\n\t\t\t<div class=\"elementor-widget-wrap\">\n\t\t\t\t\t\t\t<\/div>\n\t\t<\/div>\n\t\t\t\t<div class=\"elementor-column elementor-col-50 elementor-top-column elementor-element elementor-element-d14204e\" data-id=\"d14204e\" data-element_type=\"column\">\n\t\t\t<div class=\"elementor-widget-wrap elementor-element-populated\">\n\t\t\t\t\t\t<div class=\"elementor-element elementor-element-3b1d964 elementor-widget elementor-widget-text-editor\" data-id=\"3b1d964\" data-element_type=\"widget\" data-widget_type=\"text-editor.default\">\n\t\t\t\t<div class=\"elementor-widget-container\">\n\t\t\t\t\t\t\t<ul><li>FI: 100 \/ UHKD 3 HOLZWAGEN\u00a0 \u00a0<br \/>FERNGESTEUERT<\/li><li>TOUCH-SCREEN<\/li><li>VOLLAUTOMATISCH<\/li><li>MITTLERER TYP\u00a0<\/li><li>3 MONOBLOCK VATER<\/li><li>AUTOMATISCHE SCHMIERUNG\u00a0<\/li><li>BEWEGLICHER HAKEN<\/li><li>W\u00c4RMEBEHANDELTE KISSEN<\/li><li>ZWEIREIHIGE FLIP-KETTE x 3<\/li><\/ul>\t\t\t\t\t\t<\/div>\n\t\t\t\t<\/div>\n\t\t\t\t\t<\/div>\n\t\t<\/div>\n\t\t\t\t\t<\/div>\n\t\t<\/section>\n\t\t\t\t<section class=\"elementor-section elementor-top-section elementor-element elementor-element-a4ce0ac elementor-section-stretched elementor-section-boxed elementor-section-height-default elementor-section-height-default\" data-id=\"a4ce0ac\" data-element_type=\"section\" data-settings=\"{&quot;stretch_section&quot;:&quot;section-stretched&quot;}\">\n\t\t\t\t\t\t<div class=\"elementor-container elementor-column-gap-default\">\n\t\t\t\t\t<div class=\"elementor-column elementor-col-50 elementor-top-column elementor-element elementor-element-ea32c85\" data-id=\"ea32c85\" data-element_type=\"column\">\n\t\t\t<div class=\"elementor-widget-wrap elementor-element-populated\">\n\t\t\t\t\t\t<div class=\"elementor-element elementor-element-cfdf21c elementor-widget elementor-widget-creote-simple-image-box-v1\" data-id=\"cfdf21c\" data-element_type=\"widget\" data-widget_type=\"creote-simple-image-box-v1.default\">\n\t\t\t\t<div class=\"elementor-widget-container\">\n\t\t\t<div class=\"simple_image_boxes\"   data-aos=\"fade-up\" data-aos-delay=\"0\"  data-aos-offset=\"0\" >\r\n   <img decoding=\"async\" src=\"https:\/\/fimaksan.com\/\/wp-content\/uploads\/2023\/04\/Adsiz-tasarim-3-e1681460688812.png\" class=\"simp_img\" alt=\"\" \/>\r\n<\/div>\r\n\t\t<\/div>\n\t\t\t\t<\/div>\n\t\t\t\t<div class=\"elementor-element elementor-element-4433b61 elementor-widget elementor-widget-creote-heading-v2\" data-id=\"4433b61\" data-element_type=\"widget\" data-widget_type=\"creote-heading-v2.default\">\n\t\t\t\t<div class=\"elementor-widget-container\">\n\t\t\t<div class=\"heading type_one text_center\">  <div class=\"small_text\">    Technische Details <\/div>    <\/div>\r\n\t\t<\/div>\n\t\t\t\t<\/div>\n\t\t\t\t<div class=\"elementor-element elementor-element-d52a68f elementor-widget elementor-widget-text-editor\" data-id=\"d52a68f\" data-element_type=\"widget\" data-widget_type=\"text-editor.default\">\n\t\t\t\t<div class=\"elementor-widget-container\">\n\t\t\t\t\t\t\t<div><strong>\u2713 Vater-Erweiterung<\/strong>\u00a0| 850mm<\/div><div><strong>\u2713 Haken\u00f6ffnung <\/strong>\u00a0| 760 mm<\/div><div><strong>\u2713 Hakenendabstand mit Stopper <\/strong>\u00a0| Min.: 35 mm Max.: 140 mm<\/div><div><strong>\u2713 Vaterintervalle <\/strong>\u00a0| 1150 \u20132100mm<\/div><div><strong>\u2713 Motor der Hydraulikeinheit<\/strong>\u00a0| 7,5 kW<\/div><div><strong>\u2713 Gehender Elektromotor<\/strong>\u00a0| 11kW<\/div><div><strong>\u2713 Schienenl\u00e4nge<\/strong>\u00a0| 15000mm<\/div><div><strong>\u2713 Schienenbreite<\/strong>\u00a0| 1260mm<\/div><div><strong>\u2713 Motor der Hydraulikeinheit<\/strong>\u00a0| 7,5 kW<\/div><div><strong>\u2713 Gewicht <\/strong>| 4000 Kilogramm<\/div><div><strong>\u2713 Abmessungen<\/strong>\u00a0| 500 x 210 x 200 cm (L\u00e4nge Breite H\u00f6he)<\/div>\t\t\t\t\t\t<\/div>\n\t\t\t\t<\/div>\n\t\t\t\t\t<\/div>\n\t\t<\/div>\n\t\t\t\t<div class=\"elementor-column elementor-col-50 elementor-top-column elementor-element elementor-element-4c9b5fb\" data-id=\"4c9b5fb\" data-element_type=\"column\">\n\t\t\t<div class=\"elementor-widget-wrap elementor-element-populated\">\n\t\t\t\t\t\t<div class=\"elementor-element elementor-element-3f5e065 elementor-widget elementor-widget-creote-simple-image-box-v1\" data-id=\"3f5e065\" data-element_type=\"widget\" data-widget_type=\"creote-simple-image-box-v1.default\">\n\t\t\t\t<div class=\"elementor-widget-container\">\n\t\t\t<div class=\"simple_image_boxes  parallax_cover\"   data-aos=\"fade-up\" data-aos-delay=\"0\"  data-aos-offset=\"0\" >\r\n   <img decoding=\"async\" src=\"https:\/\/fimaksan.com\/\/wp-content\/uploads\/2023\/04\/qdf8kf8pE8v8KpLCqqMEw4DynogCxWDJK30HUVhF.png\" class=\"simp_img cover-parallax\" alt=\"\" \/>\r\n<\/div>\r\n\t\t<\/div>\n\t\t\t\t<\/div>\n\t\t\t\t\t<\/div>\n\t\t<\/div>\n\t\t\t\t\t<\/div>\n\t\t<\/section>\n\t\t\t\t<section class=\"elementor-section elementor-top-section elementor-element elementor-element-0780914 elementor-section-stretched elementor-section-boxed elementor-section-height-default elementor-section-height-default\" data-id=\"0780914\" data-element_type=\"section\" data-settings=\"{&quot;stretch_section&quot;:&quot;section-stretched&quot;}\">\n\t\t\t\t\t\t<div class=\"elementor-container elementor-column-gap-default\">\n\t\t\t\t\t<div class=\"elementor-column elementor-col-100 elementor-top-column elementor-element elementor-element-e929374\" data-id=\"e929374\" data-element_type=\"column\">\n\t\t\t<div class=\"elementor-widget-wrap elementor-element-populated\">\n\t\t\t\t\t\t<div class=\"elementor-element elementor-element-e95fee0 elementor-widget elementor-widget-creote-heading-v2\" data-id=\"e95fee0\" data-element_type=\"widget\" data-widget_type=\"creote-heading-v2.default\">\n\t\t\t\t<div class=\"elementor-widget-container\">\n\t\t\t<div class=\"heading type_one text_center\">  <div class=\"small_text\">    Merkmale <\/div>    <\/div>\r\n\t\t<\/div>\n\t\t\t\t<\/div>\n\t\t\t\t<div class=\"elementor-element elementor-element-57b878a elementor-widget elementor-widget-text-editor\" data-id=\"57b878a\" data-element_type=\"widget\" data-widget_type=\"text-editor.default\">\n\t\t\t\t<div class=\"elementor-widget-container\">\n\t\t\t\t\t\t\t<ul><li>Der von FIMAKSAN entwickelte Farb-Touchscreen bietet Positionierungsgeschwindigkeit und Benutzerfreundlichkeit mit 10 einstellbaren voreingestellten Messungen im Speicher.\u00a0<\/li><li>Das spannwagenantrieb ist mit einem langlebigen elektrodynamischen System und einem Stahlseilantrieb ausgestattet. 120m\/Min. Schrittgeschwindigkeit ist Standard.\u00a0<\/li><li>Der Antrieb der Poller erfolgt \u00fcber einen 7,5 kW Getriebemotor, 290 mm\/sec. Bewegungsgeschwindigkeit ist Standard.\u00a0<\/li><li>Das Wenden der Baumst\u00e4mme erfolgt durch einen 2,2-kW-Getriebemotor. Das Hydrauliksystem mit einem 7,5-kW-Motor f\u00fcr die Schwenkbewegungen zum Anheben des Baumstamms wird problemlos bereitgestellt.\u00a0<\/li><li>Die Haken werden hydraulisch mit Magnetventilsteuerung angetrieben. Es wird eine maximale Protokollkontrolle bereitgestellt.\u00a0<\/li><li>Dank des festen R\u00fcckens und des beweglichen Hakensystems kann der Abstand zwischen Anschlag und Haken an verschiedene Stammgr\u00f6\u00dfen angepasst werden (min.: 35 mm - max.: 140 mm). Hooks In Out k\u00f6nnen unabh\u00e4ngig voneinander betrieben werden. Es ist eine Standardfunktion.\u00a0<\/li><li>Das Bedienfeld wird einfach mit 2 Joystick-Griffen und Tasten gesteuert, die ergonomisch und sehr einfach zu bedienen sind. Mit dem Pedal kann die Stammrotation einfach durchgef\u00fchrt werden.\u00a0<\/li><li>Zwischen dem Auto und dem Controller befindet sich ein Scherenkabeltragegriff.<\/li><li>Induktionsbehandelte Kissen sind langlebig gegen Abnutzung.\u00a0<\/li><li>Die Stammbetten haben austauschbare Verschlei\u00dfplatten, die verhindern, dass der Stamm die F\u00fchrungsbahnen besch\u00e4digt.<\/li><li>Es verf\u00fcgt \u00fcber ein zeitgesteuertes automatisches Schmiersystem. (Reduziert die Reibung von Kissen und V\u00e4tern).<\/li><li>Die Wagenstruktur wird als schwere Ausf\u00fchrung hergestellt, um viele Jahre zu dienen.<\/li><\/ul>\t\t\t\t\t\t<\/div>\n\t\t\t\t<\/div>\n\t\t\t\t\t<\/div>\n\t\t<\/div>\n\t\t\t\t\t<\/div>\n\t\t<\/section>\n\t\t\t\t<\/div>","protected":false},"excerpt":{"rendered":"<p>F\u0130: 100 \/ UHKD 3 TOMRUK ARABASI\u00a0 \u00a0UZAKTAN KUMANDALI DOKUNMATIK EKRAN TAM OTOMAT\u0130K ORTA T\u0130P\u00a0 3 MONOBLOK BABALI OTOMAT\u0130K YA\u011eLAMA\u00a0 HAREKETL\u0130 KANCA ISIL \u0130\u015eLEML\u0130 YASTIKLAR \u00c7\u0130FT SIRA \u00c7EV\u0130RME Z\u0130NC\u0130R\u0130 x 3 Teknik Detaylar \u2713\u00a0 Baba A\u00e7\u0131l\u0131m\u0131\u00a0| 850 mm\u2713\u00a0 Kanca A\u00e7\u0131l\u0131m\u0131 \u00a0| 760 mm\u2713\u00a0 Dayama ile Kanca Ucu Mesafesi \u00a0| Min: 35 mm Max: 140 mm\u2713\u00a0 [&hellip;]<\/p>","protected":false},"author":1,"featured_media":0,"parent":0,"menu_order":0,"comment_status":"closed","ping_status":"closed","template":"","meta":{"footnotes":""},"class_list":["post-5633","page","type-page","status-publish","hentry"],"_links":{"self":[{"href":"https:\/\/fimaksan.com\/de\/wp-json\/wp\/v2\/pages\/5633","targetHints":{"allow":["GET"]}}],"collection":[{"href":"https:\/\/fimaksan.com\/de\/wp-json\/wp\/v2\/pages"}],"about":[{"href":"https:\/\/fimaksan.com\/de\/wp-json\/wp\/v2\/types\/page"}],"author":[{"embeddable":true,"href":"https:\/\/fimaksan.com\/de\/wp-json\/wp\/v2\/users\/1"}],"replies":[{"embeddable":true,"href":"https:\/\/fimaksan.com\/de\/wp-json\/wp\/v2\/comments?post=5633"}],"version-history":[{"count":16,"href":"https:\/\/fimaksan.com\/de\/wp-json\/wp\/v2\/pages\/5633\/revisions"}],"predecessor-version":[{"id":7235,"href":"https:\/\/fimaksan.com\/de\/wp-json\/wp\/v2\/pages\/5633\/revisions\/7235"}],"wp:attachment":[{"href":"https:\/\/fimaksan.com\/de\/wp-json\/wp\/v2\/media?parent=5633"}],"curies":[{"name":"wp","href":"https:\/\/api.w.org\/{rel}","templated":true}]}}