{"id":5616,"date":"2023-04-07T11:12:12","date_gmt":"2023-04-07T08:12:12","guid":{"rendered":"https:\/\/www.hilkomyazilim.com.tr\/fimaksan\/?page_id=5616"},"modified":"2023-06-07T13:52:38","modified_gmt":"2023-06-07T10:52:38","slug":"fi-160-tomruk-arabasi-uzaktan-kumandali-tropikal-model","status":"publish","type":"page","link":"https:\/\/fimaksan.com\/de\/fi-160-tomruk-arabasi-uzaktan-kumandali-tropikal-model\/","title":{"rendered":"FI.160 SPANNWAGEN Ferngesteuertes Tropenmodell"},"content":{"rendered":"<div data-elementor-type=\"wp-page\" data-elementor-id=\"5616\" class=\"elementor elementor-5616\">\n\t\t\t\t\t\t<section class=\"elementor-section elementor-top-section elementor-element elementor-element-03ff15f elementor-section-stretched elementor-section-boxed elementor-section-height-default elementor-section-height-default\" data-id=\"03ff15f\" data-element_type=\"section\" data-settings=\"{&quot;stretch_section&quot;:&quot;section-stretched&quot;}\">\n\t\t\t\t\t\t<div class=\"elementor-container elementor-column-gap-default\">\n\t\t\t\t\t<div class=\"elementor-column elementor-col-33 elementor-top-column elementor-element elementor-element-9aa7b4c\" data-id=\"9aa7b4c\" data-element_type=\"column\">\n\t\t\t<div class=\"elementor-widget-wrap elementor-element-populated\">\n\t\t\t\t\t\t<div class=\"elementor-element elementor-element-98d9242 elementor-widget elementor-widget-creote-simple-image-box-v1\" data-id=\"98d9242\" data-element_type=\"widget\" data-widget_type=\"creote-simple-image-box-v1.default\">\n\t\t\t\t<div class=\"elementor-widget-container\">\n\t\t\t<div class=\"simple_image_boxes\"   data-aos=\"fade-up\" data-aos-delay=\"0\"  data-aos-offset=\"0\" >\r\n   <img decoding=\"async\" src=\"https:\/\/fimaksan.com\/wp-content\/uploads\/2023\/04\/4.png\" class=\"simp_img\" alt=\"\" \/>\r\n<\/div>\r\n\t\t<\/div>\n\t\t\t\t<\/div>\n\t\t\t\t\t<\/div>\n\t\t<\/div>\n\t\t\t\t<div class=\"elementor-column elementor-col-33 elementor-top-column elementor-element elementor-element-6443f89\" data-id=\"6443f89\" data-element_type=\"column\">\n\t\t\t<div class=\"elementor-widget-wrap elementor-element-populated\">\n\t\t\t\t\t\t<div class=\"elementor-element elementor-element-c6b9735 elementor-widget elementor-widget-text-editor\" data-id=\"c6b9735\" data-element_type=\"widget\" data-widget_type=\"text-editor.default\">\n\t\t\t\t<div class=\"elementor-widget-container\">\n\t\t\t\t\t\t\t<p><strong>UZAKTAN KUMANDA &#8211; \u00a0TROPIKAL &#8211; \u00a0V T\u0130P \u00c7EV\u0130RME <\/strong><\/p>\t\t\t\t\t\t<\/div>\n\t\t\t\t<\/div>\n\t\t\t\t<div class=\"elementor-element elementor-element-d26a254 elementor-widget elementor-widget-creote-simple-image-box-v1\" data-id=\"d26a254\" data-element_type=\"widget\" data-widget_type=\"creote-simple-image-box-v1.default\">\n\t\t\t\t<div class=\"elementor-widget-container\">\n\t\t\t<div class=\"simple_image_boxes\"   data-aos=\"fade-up\" data-aos-delay=\"0\"  data-aos-offset=\"0\" >\r\n   <img decoding=\"async\" src=\"https:\/\/fimaksan.com\/wp-content\/uploads\/2023\/04\/A-scaled.jpg\" class=\"simp_img\" alt=\"\" \/>\r\n<\/div>\r\n\t\t<\/div>\n\t\t\t\t<\/div>\n\t\t\t\t\t<\/div>\n\t\t<\/div>\n\t\t\t\t<div class=\"elementor-column elementor-col-33 elementor-top-column elementor-element elementor-element-808a830\" data-id=\"808a830\" data-element_type=\"column\">\n\t\t\t<div class=\"elementor-widget-wrap elementor-element-populated\">\n\t\t\t\t\t\t<div class=\"elementor-element elementor-element-62ba367 elementor-widget elementor-widget-creote-simple-image-box-v1\" data-id=\"62ba367\" data-element_type=\"widget\" data-widget_type=\"creote-simple-image-box-v1.default\">\n\t\t\t\t<div class=\"elementor-widget-container\">\n\t\t\t<div class=\"simple_image_boxes\"   data-aos=\"fade-up\" data-aos-delay=\"0\"  data-aos-offset=\"0\" >\r\n   <img decoding=\"async\" src=\"https:\/\/fimaksan.com\/wp-content\/uploads\/2023\/04\/3-1-scaled.jpg\" class=\"simp_img\" alt=\"\" \/>\r\n<\/div>\r\n\t\t<\/div>\n\t\t\t\t<\/div>\n\t\t\t\t\t<\/div>\n\t\t<\/div>\n\t\t\t\t\t<\/div>\n\t\t<\/section>\n\t\t\t\t<section class=\"elementor-section elementor-top-section elementor-element elementor-element-226cf1d elementor-section-boxed elementor-section-height-default elementor-section-height-default\" data-id=\"226cf1d\" data-element_type=\"section\">\n\t\t\t\t\t\t<div class=\"elementor-container elementor-column-gap-default\">\n\t\t\t\t\t<div class=\"elementor-column elementor-col-50 elementor-top-column elementor-element elementor-element-9a932dd\" data-id=\"9a932dd\" data-element_type=\"column\">\n\t\t\t<div class=\"elementor-widget-wrap elementor-element-populated\">\n\t\t\t\t\t\t<div class=\"elementor-element elementor-element-5f3ab2c elementor-widget elementor-widget-creote-simple-image-box-v1\" data-id=\"5f3ab2c\" data-element_type=\"widget\" data-widget_type=\"creote-simple-image-box-v1.default\">\n\t\t\t\t<div class=\"elementor-widget-container\">\n\t\t\t<div class=\"simple_image_boxes\"   data-aos=\"fade-up\" data-aos-delay=\"0\"  data-aos-offset=\"0\" >\r\n   <img decoding=\"async\" src=\"https:\/\/fimaksan.com\/wp-content\/uploads\/2023\/04\/2-1-scaled.jpg\" class=\"simp_img\" alt=\"\" \/>\r\n<\/div>\r\n\t\t<\/div>\n\t\t\t\t<\/div>\n\t\t\t\t\t<\/div>\n\t\t<\/div>\n\t\t\t\t<div class=\"elementor-column elementor-col-50 elementor-top-column elementor-element elementor-element-82c37a1\" data-id=\"82c37a1\" data-element_type=\"column\">\n\t\t\t<div class=\"elementor-widget-wrap elementor-element-populated\">\n\t\t\t\t\t\t<div class=\"elementor-element elementor-element-a5a89ea elementor-widget elementor-widget-text-editor\" data-id=\"a5a89ea\" data-element_type=\"widget\" data-widget_type=\"text-editor.default\">\n\t\t\t\t<div class=\"elementor-widget-container\">\n\t\t\t\t\t\t\t<ul><li>REMOTE-TOUCH-BILDSCHIRM<\/li><li>EXTRA SCHWERER TYP<\/li><li>4 STAHLVATER-BRONZE-SCHIEBER<\/li><li>AUTOMATISCHE SCHMIERUNG<\/li><li>BEWEGLICHER HAKEN<\/li><li>W\u00c4RMEBEHANDELTE EXTRA HARTE KISSEN \u00a9<\/li><li>6 ZWEIREIHIGE FLIP-KETTE V-TYP<\/li><li>VOLLAUTOMATISCH<\/li><\/ul>\t\t\t\t\t\t<\/div>\n\t\t\t\t<\/div>\n\t\t\t\t\t<\/div>\n\t\t<\/div>\n\t\t\t\t\t<\/div>\n\t\t<\/section>\n\t\t\t\t<section class=\"elementor-section elementor-top-section elementor-element elementor-element-d2c13f8 elementor-section-stretched elementor-section-boxed elementor-section-height-default elementor-section-height-default\" data-id=\"d2c13f8\" data-element_type=\"section\" data-settings=\"{&quot;stretch_section&quot;:&quot;section-stretched&quot;}\">\n\t\t\t\t\t\t<div class=\"elementor-container elementor-column-gap-default\">\n\t\t\t\t\t<div class=\"elementor-column elementor-col-100 elementor-top-column elementor-element elementor-element-b8b0635\" data-id=\"b8b0635\" data-element_type=\"column\">\n\t\t\t<div class=\"elementor-widget-wrap elementor-element-populated\">\n\t\t\t\t\t\t<div class=\"elementor-element elementor-element-d1c83d8 elementor-widget elementor-widget-creote-heading-v2\" data-id=\"d1c83d8\" data-element_type=\"widget\" data-widget_type=\"creote-heading-v2.default\">\n\t\t\t\t<div class=\"elementor-widget-container\">\n\t\t\t<div class=\"heading type_one text_center\">  <div class=\"small_text\">    Technische Details <\/div>    <\/div>\r\n\t\t<\/div>\n\t\t\t\t<\/div>\n\t\t\t\t<div class=\"elementor-element elementor-element-ce538ab elementor-widget elementor-widget-text-editor\" data-id=\"ce538ab\" data-element_type=\"widget\" data-widget_type=\"text-editor.default\">\n\t\t\t\t<div class=\"elementor-widget-container\">\n\t\t\t\t\t\t\t<table width=\"690\"><tbody><tr><td width=\"350\"><p><strong>Log-Durchmesser <\/strong><\/p><\/td><td width=\"340\"><p>max. 1500 mm \u2013 mind. 100mm<\/p><\/td><\/tr><tr><td width=\"350\"><p><strong>max. Erweiterung der V\u00e4ter<\/strong><\/p><\/td><td width=\"340\"><p>1280mm<\/p><\/td><\/tr><tr><td width=\"350\"><p><strong>max. Haken\u00f6ffnung<\/strong><\/p><\/td><td width=\"340\"><p>1240mm<\/p><\/td><\/tr><tr><td width=\"350\"><p><strong>Abstand zwischen Stopp und Haken (In, Out)<\/strong><\/p><\/td><td width=\"340\"><p>Mindest. 350 mm, max. 180mm<\/p><\/td><\/tr><tr><td width=\"350\"><p><strong>Abstand zwischen V\u00e4tern (Zentrum zu Zentrum)<\/strong><\/p><\/td><td width=\"340\"><p>1,5 m x 2 m x 2,5 m (optional)<\/p><\/td><\/tr><tr><td width=\"350\"><p><strong>Schienenl\u00e4nge <\/strong><\/p><\/td><td width=\"340\"><p>18 Meter (6 mt. X 3 Einheiten)<\/p><\/td><\/tr><tr><td width=\"350\"><p><strong>Schienenbreite <\/strong><\/p><\/td><td width=\"340\"><p>168cm<\/p><\/td><\/tr><tr><td width=\"350\"><p><strong>Auto-Walking-System<\/strong><\/p><\/td><td width=\"340\"><p><strong>18,5 kW<\/strong> Elektrodynamisches System - Stahlseil - \u00d8 16 mm<\/p><\/td><\/tr><tr><td width=\"350\"><p><strong>Autovorschubgeschwindigkeit <\/strong><\/p><\/td><td width=\"340\"><p>max. 105 Meter \/ Mindest.<\/p><\/td><\/tr><tr><td width=\"350\"><p><strong>Vater Antriebssystem<\/strong><\/p><\/td><td width=\"340\"><p>15-kW-Getriebemotor<\/p><\/td><\/tr><tr><td width=\"350\"><p><strong>Bewegungsgeschwindigkeit des Vaters<\/strong><\/p><\/td><td width=\"340\"><p>280 mm\/Sek.<\/p><\/td><\/tr><tr><td width=\"350\"><p><strong>Log Turning Drive System<\/strong><\/p><\/td><td width=\"340\"><p>3 kW x 3 Einheiten: <strong>9 kW insgesamt <\/strong>Getriebemotor<\/p><\/td><\/tr><tr><td width=\"350\"><p><strong>Log Swing-Hebearme<\/strong><\/p><\/td><td width=\"340\"><p>Hydraulikkolben \u2013 6 Kolben<\/p><\/td><\/tr><tr><td width=\"350\"><p><strong>Hook-Drive-System<\/strong><\/p><\/td><td width=\"340\"><p>Hydraulischer Kolben <strong>Durchmesser 50 mm<\/strong><\/p><\/td><\/tr><tr><td width=\"350\"><p><strong>Gleitschmiersystem<\/strong><\/p><\/td><td width=\"340\"><p>Komplett automatisch. Zeitgesteuert. D\u00fcnnes \u00d6l.<\/p><\/td><\/tr><tr><td width=\"350\"><p><strong>Motor der Hydraulikeinheit<\/strong><\/p><\/td><td width=\"340\"><p>15 kW<\/p><\/td><\/tr><tr><td width=\"350\"><p><strong>Hydraulik\u00f6l-K\u00fchlsystem<\/strong><\/p><\/td><td width=\"340\"><p>Automatischer Thermostat K\u00fchlerl\u00fcfter<\/p><\/td><\/tr><tr><td width=\"350\"><p><strong>Stromleitung zwischen Auto und Controller <\/strong><\/p><\/td><td width=\"340\"><p>Energief\u00fchrungsrollen oder Scherentragarm<\/p><\/td><\/tr><tr><td width=\"350\"><p><strong>Elektrisches Material<\/strong><\/p><\/td><td width=\"340\"><p><strong>Siemens SIRIUS <\/strong><\/p><\/td><\/tr><tr><td width=\"350\"><p><strong>Position des Fernbedienungspanels<\/strong><\/p><\/td><td width=\"340\"><p>Als Plattform<\/p><\/td><\/tr><tr><td width=\"350\"><p><strong>Fernbedienungspanel<\/strong><\/p><\/td><td width=\"340\"><p>Konsole + Einstellung. Sitz + SPS-Farbbildschirm + 2 Joysticks<\/p><\/td><\/tr><tr><td width=\"350\"><p><strong>Maschinengewicht<\/strong><\/p><\/td><td width=\"340\"><p>9500 kg<\/p><\/td><\/tr><tr><td width=\"350\"><p><strong>Maschinenabmessungen <\/strong><\/p><\/td><td width=\"340\"><p>290 x 230 x 790 cm<\/p><\/td><\/tr><tr><td width=\"350\"><p><strong>Versandart <\/strong><\/p><\/td><td width=\"340\"><p>40-Zoll-Container \u2013 hohe Ausf\u00fchrung (HC)<\/p><\/td><\/tr><\/tbody><\/table>\t\t\t\t\t\t<\/div>\n\t\t\t\t<\/div>\n\t\t\t\t\t<\/div>\n\t\t<\/div>\n\t\t\t\t\t<\/div>\n\t\t<\/section>\n\t\t\t\t<\/div>","protected":false},"excerpt":{"rendered":"<p>UZAKTAN KUMANDA &#8211; \u00a0TROPIKAL &#8211; \u00a0V T\u0130P \u00c7EV\u0130RME UZAKTAN KUMANDALI- DOKUNMATIK EKRAN EKSTRA A\u011eIR T\u0130P 4 \u00c7EL\u0130K BABALI-BRONZ KIZAKLI OTOMAT\u0130K YA\u011eLAMA HAREKETL\u0130 KANCA ISIL \u0130\u015eLEML\u0130 EKSTRA SERT YASTIKLAR \u00a9 6 \u00c7\u0130FT SIRA V T\u0130P\u0130 \u00c7EV\u0130RME Z\u0130NC\u0130R\u0130 TAM OTOMAT\u0130K Teknik Detaylar Tomruk \u00c7ap\u0131 Max. 1500 mm &#8211; Min. 100 mm Max. Babalar\u0131n A\u00e7\u0131l\u0131m\u0131 1280 mm Max. [&hellip;]<\/p>","protected":false},"author":1,"featured_media":0,"parent":0,"menu_order":0,"comment_status":"closed","ping_status":"closed","template":"elementor_header_footer","meta":{"footnotes":""},"class_list":["post-5616","page","type-page","status-publish","hentry"],"_links":{"self":[{"href":"https:\/\/fimaksan.com\/de\/wp-json\/wp\/v2\/pages\/5616","targetHints":{"allow":["GET"]}}],"collection":[{"href":"https:\/\/fimaksan.com\/de\/wp-json\/wp\/v2\/pages"}],"about":[{"href":"https:\/\/fimaksan.com\/de\/wp-json\/wp\/v2\/types\/page"}],"author":[{"embeddable":true,"href":"https:\/\/fimaksan.com\/de\/wp-json\/wp\/v2\/users\/1"}],"replies":[{"embeddable":true,"href":"https:\/\/fimaksan.com\/de\/wp-json\/wp\/v2\/comments?post=5616"}],"version-history":[{"count":35,"href":"https:\/\/fimaksan.com\/de\/wp-json\/wp\/v2\/pages\/5616\/revisions"}],"predecessor-version":[{"id":7347,"href":"https:\/\/fimaksan.com\/de\/wp-json\/wp\/v2\/pages\/5616\/revisions\/7347"}],"wp:attachment":[{"href":"https:\/\/fimaksan.com\/de\/wp-json\/wp\/v2\/media?parent=5616"}],"curies":[{"name":"wp","href":"https:\/\/api.w.org\/{rel}","templated":true}]}}