{"id":5602,"date":"2023-04-07T11:07:05","date_gmt":"2023-04-07T08:07:05","guid":{"rendered":"https:\/\/www.hilkomyazilim.com.tr\/fimaksan\/?page_id=5602"},"modified":"2024-05-01T17:31:07","modified_gmt":"2024-05-01T14:31:07","slug":"uzaktan-kumandali-tomruk-arabalari","status":"publish","type":"page","link":"https:\/\/fimaksan.com\/de\/uzaktan-kumandali-tomruk-arabalari\/","title":{"rendered":"SPANNWAGEN - BEDIENFELD"},"content":{"rendered":"<div data-elementor-type=\"wp-page\" data-elementor-id=\"5602\" class=\"elementor elementor-5602\">\n\t\t\t\t\t\t<section class=\"elementor-section elementor-top-section elementor-element elementor-element-e639008 elementor-section-stretched elementor-section-boxed elementor-section-height-default elementor-section-height-default\" data-id=\"e639008\" data-element_type=\"section\" data-settings=\"{&quot;stretch_section&quot;:&quot;section-stretched&quot;}\">\n\t\t\t\t\t\t<div class=\"elementor-container elementor-column-gap-default\">\n\t\t\t\t\t<div class=\"elementor-column elementor-col-33 elementor-top-column elementor-element elementor-element-e21cabc\" data-id=\"e21cabc\" data-element_type=\"column\">\n\t\t\t<div class=\"elementor-widget-wrap elementor-element-populated\">\n\t\t\t\t\t\t<section class=\"elementor-section elementor-inner-section elementor-element elementor-element-357a9a6 elementor-section-boxed elementor-section-height-default elementor-section-height-default\" data-id=\"357a9a6\" data-element_type=\"section\">\n\t\t\t\t\t\t<div class=\"elementor-container elementor-column-gap-default\">\n\t\t\t\t\t<div class=\"elementor-column elementor-col-100 elementor-inner-column elementor-element elementor-element-dc55e41\" data-id=\"dc55e41\" data-element_type=\"column\">\n\t\t\t<div class=\"elementor-widget-wrap elementor-element-populated\">\n\t\t\t\t\t\t<div class=\"elementor-element elementor-element-c814ce4 elementor-widget elementor-widget-creote-simple-image-box-v1\" data-id=\"c814ce4\" data-element_type=\"widget\" data-widget_type=\"creote-simple-image-box-v1.default\">\n\t\t\t\t<div class=\"elementor-widget-container\">\n\t\t\t<div class=\"simple_image_boxes\"   data-aos=\"fade-up\" data-aos-delay=\"0\"  data-aos-offset=\"0\" >\r\n   <img decoding=\"async\" src=\"https:\/\/fimaksan.com\/\/wp-content\/uploads\/2023\/04\/DYzw6y8vxFyXD1KUQwrKAmPux3MxxTQNcwhRyiFM-scaled.jpeg\" class=\"simp_img\" alt=\"\" \/>\r\n<\/div>\r\n\t\t<\/div>\n\t\t\t\t<\/div>\n\t\t\t\t<div class=\"elementor-element elementor-element-494dd2b elementor-widget elementor-widget-creote-heading-v2\" data-id=\"494dd2b\" data-element_type=\"widget\" data-widget_type=\"creote-heading-v2.default\">\n\t\t\t\t<div class=\"elementor-widget-container\">\n\t\t\t<div class=\"heading type_one text_left\">  <div class=\"small_text\">    FI.160 SPANNWAGEN Ferngesteuertes Tropenmodell <\/div>    <div class=\"heading_text\"> <a href=\"https:\/\/fimaksan.com\/de\/fi-160-tomruk-arabasi-uzaktan-kumandali-tropikal-model\/\"> Gehe zum Produkt <\/a><\/div>    <\/div>\r\n\t\t<\/div>\n\t\t\t\t<\/div>\n\t\t\t\t\t<\/div>\n\t\t<\/div>\n\t\t\t\t\t<\/div>\n\t\t<\/section>\n\t\t\t\t\t<\/div>\n\t\t<\/div>\n\t\t\t\t<div class=\"elementor-column elementor-col-33 elementor-top-column elementor-element elementor-element-6e8741d\" data-id=\"6e8741d\" data-element_type=\"column\">\n\t\t\t<div class=\"elementor-widget-wrap elementor-element-populated\">\n\t\t\t\t\t\t<section class=\"elementor-section elementor-inner-section elementor-element elementor-element-adc2a11 elementor-section-boxed elementor-section-height-default elementor-section-height-default\" data-id=\"adc2a11\" data-element_type=\"section\">\n\t\t\t\t\t\t<div class=\"elementor-container elementor-column-gap-default\">\n\t\t\t\t\t<div class=\"elementor-column elementor-col-100 elementor-inner-column elementor-element elementor-element-3bb939f\" data-id=\"3bb939f\" data-element_type=\"column\">\n\t\t\t<div class=\"elementor-widget-wrap elementor-element-populated\">\n\t\t\t\t\t\t<div class=\"elementor-element elementor-element-a199586 elementor-widget elementor-widget-creote-simple-image-box-v1\" data-id=\"a199586\" data-element_type=\"widget\" data-widget_type=\"creote-simple-image-box-v1.default\">\n\t\t\t\t<div class=\"elementor-widget-container\">\n\t\t\t<div class=\"simple_image_boxes\"   data-aos=\"fade-up\" data-aos-delay=\"0\"  data-aos-offset=\"0\" >\r\n   <img decoding=\"async\" src=\"https:\/\/fimaksan.com\/\/wp-content\/uploads\/2023\/04\/4nc5tgpTx6B5s9Ckdmn5J2eETE0v0SbUMctfQt0Q.png\" class=\"simp_img\" alt=\"\" \/>\r\n<\/div>\r\n\t\t<\/div>\n\t\t\t\t<\/div>\n\t\t\t\t<div class=\"elementor-element elementor-element-03115d3 elementor-widget elementor-widget-creote-heading-v2\" data-id=\"03115d3\" data-element_type=\"widget\" data-widget_type=\"creote-heading-v2.default\">\n\t\t\t\t<div class=\"elementor-widget-container\">\n\t\t\t<div class=\"heading type_one text_left\">  <div class=\"small_text\">    F\u0130. 100 SPANNWAGEN - 2 Spannbock - Ideal f\u00fcr Paletten <\/div>    <div class=\"heading_text\"> <a href=\"https:\/\/fimaksan.com\/de\/100-tomruk-arabasi-ideal-palet-uretimi-2-cizmeli\/\"> Gehe zum Produkt <\/a><\/div>    <\/div>\r\n\t\t<\/div>\n\t\t\t\t<\/div>\n\t\t\t\t\t<\/div>\n\t\t<\/div>\n\t\t\t\t\t<\/div>\n\t\t<\/section>\n\t\t\t\t\t<\/div>\n\t\t<\/div>\n\t\t\t\t<div class=\"elementor-column elementor-col-33 elementor-top-column elementor-element elementor-element-42bdc3c\" data-id=\"42bdc3c\" data-element_type=\"column\">\n\t\t\t<div class=\"elementor-widget-wrap elementor-element-populated\">\n\t\t\t\t\t\t<section class=\"elementor-section elementor-inner-section elementor-element elementor-element-de642d3 elementor-section-boxed elementor-section-height-default elementor-section-height-default\" data-id=\"de642d3\" data-element_type=\"section\">\n\t\t\t\t\t\t<div class=\"elementor-container elementor-column-gap-default\">\n\t\t\t\t\t<div class=\"elementor-column elementor-col-100 elementor-inner-column elementor-element elementor-element-e23608f\" data-id=\"e23608f\" data-element_type=\"column\">\n\t\t\t<div class=\"elementor-widget-wrap elementor-element-populated\">\n\t\t\t\t\t\t<div class=\"elementor-element elementor-element-88a1356 elementor-widget elementor-widget-creote-simple-image-box-v1\" data-id=\"88a1356\" data-element_type=\"widget\" data-widget_type=\"creote-simple-image-box-v1.default\">\n\t\t\t\t<div class=\"elementor-widget-container\">\n\t\t\t<div class=\"simple_image_boxes\"   data-aos=\"fade-up\" data-aos-delay=\"0\"  data-aos-offset=\"0\" >\r\n   <img decoding=\"async\" src=\"https:\/\/fimaksan.com\/\/wp-content\/uploads\/2023\/04\/lRLIah78G70V6rB86QC4iJ9LlhZq5ug517fj4jPy.png\" class=\"simp_img\" alt=\"\" \/>\r\n<\/div>\r\n\t\t<\/div>\n\t\t\t\t<\/div>\n\t\t\t\t<div class=\"elementor-element elementor-element-81c637d elementor-widget elementor-widget-creote-heading-v2\" data-id=\"81c637d\" data-element_type=\"widget\" data-widget_type=\"creote-heading-v2.default\">\n\t\t\t\t<div class=\"elementor-widget-container\">\n\t\t\t<div class=\"heading type_one text_left\">  <div class=\"small_text\">    F\u0130.100 Spannwagen - Fernbedienung - 3 Spannbock <\/div>    <div class=\"heading_text\"> <a href=\"https:\/\/fimaksan.com\/de\/fi-100-tomruk-arabasi-uzaktan-kumandali-3-cizmeli\/\"> Gehe zum Produkt <\/a><\/div>    <\/div>\r\n\t\t<\/div>\n\t\t\t\t<\/div>\n\t\t\t\t\t<\/div>\n\t\t<\/div>\n\t\t\t\t\t<\/div>\n\t\t<\/section>\n\t\t\t\t\t<\/div>\n\t\t<\/div>\n\t\t\t\t\t<\/div>\n\t\t<\/section>\n\t\t\t\t<section class=\"elementor-section elementor-top-section elementor-element elementor-element-328b9e3 elementor-section-stretched elementor-section-boxed elementor-section-height-default elementor-section-height-default\" data-id=\"328b9e3\" data-element_type=\"section\" data-settings=\"{&quot;stretch_section&quot;:&quot;section-stretched&quot;}\">\n\t\t\t\t\t\t<div class=\"elementor-container elementor-column-gap-default\">\n\t\t\t\t\t<div class=\"elementor-column elementor-col-33 elementor-top-column elementor-element elementor-element-8a7dec7\" data-id=\"8a7dec7\" data-element_type=\"column\">\n\t\t\t<div class=\"elementor-widget-wrap elementor-element-populated\">\n\t\t\t\t\t\t<section class=\"elementor-section elementor-inner-section elementor-element elementor-element-2bea6f2 elementor-section-boxed elementor-section-height-default elementor-section-height-default\" data-id=\"2bea6f2\" data-element_type=\"section\">\n\t\t\t\t\t\t<div class=\"elementor-container elementor-column-gap-default\">\n\t\t\t\t\t<div class=\"elementor-column elementor-col-100 elementor-inner-column elementor-element elementor-element-a001bc0\" data-id=\"a001bc0\" data-element_type=\"column\">\n\t\t\t<div class=\"elementor-widget-wrap elementor-element-populated\">\n\t\t\t\t\t\t<div class=\"elementor-element elementor-element-7ec8f1e elementor-widget elementor-widget-creote-simple-image-box-v1\" data-id=\"7ec8f1e\" data-element_type=\"widget\" data-widget_type=\"creote-simple-image-box-v1.default\">\n\t\t\t\t<div class=\"elementor-widget-container\">\n\t\t\t<div class=\"simple_image_boxes\"   data-aos=\"fade-up\" data-aos-delay=\"0\"  data-aos-offset=\"0\" >\r\n   <img decoding=\"async\" src=\"https:\/\/fimaksan.com\/\/wp-content\/uploads\/2023\/04\/G6xxcFSObLLLpXEvUh3KMZnCYgInKafk2PY1W5py-scaled.jpeg\" class=\"simp_img\" alt=\"\" \/>\r\n<\/div>\r\n\t\t<\/div>\n\t\t\t\t<\/div>\n\t\t\t\t<div class=\"elementor-element elementor-element-82d550b elementor-widget elementor-widget-creote-heading-v2\" data-id=\"82d550b\" data-element_type=\"widget\" data-widget_type=\"creote-heading-v2.default\">\n\t\t\t\t<div class=\"elementor-widget-container\">\n\t\t\t<div class=\"heading type_one text_left\">  <div class=\"small_text\">    F\u0130.130 SPANNwagen - 4 SPANNOCK -Fernbedienung <\/div>    <div class=\"heading_text\"> <a href=\"https:\/\/fimaksan.com\/de\/fi-130-tomruk-arabasi-uzaktan-kumandali-4-cizmeli\/\"> Gehe zum Produkt <\/a><\/div>    <\/div>\r\n\t\t<\/div>\n\t\t\t\t<\/div>\n\t\t\t\t\t<\/div>\n\t\t<\/div>\n\t\t\t\t\t<\/div>\n\t\t<\/section>\n\t\t\t\t\t<\/div>\n\t\t<\/div>\n\t\t\t\t<div class=\"elementor-column elementor-col-33 elementor-top-column elementor-element elementor-element-51603f5\" data-id=\"51603f5\" data-element_type=\"column\">\n\t\t\t<div class=\"elementor-widget-wrap elementor-element-populated\">\n\t\t\t\t\t\t<section class=\"elementor-section elementor-inner-section elementor-element elementor-element-b54658c elementor-section-boxed elementor-section-height-default elementor-section-height-default\" data-id=\"b54658c\" data-element_type=\"section\">\n\t\t\t\t\t\t<div class=\"elementor-container elementor-column-gap-default\">\n\t\t\t\t\t<div class=\"elementor-column elementor-col-100 elementor-inner-column elementor-element elementor-element-f70c4a2\" data-id=\"f70c4a2\" data-element_type=\"column\">\n\t\t\t<div class=\"elementor-widget-wrap elementor-element-populated\">\n\t\t\t\t\t\t<div class=\"elementor-element elementor-element-c3f0070 elementor-widget elementor-widget-creote-simple-image-box-v1\" data-id=\"c3f0070\" data-element_type=\"widget\" data-widget_type=\"creote-simple-image-box-v1.default\">\n\t\t\t\t<div class=\"elementor-widget-container\">\n\t\t\t<div class=\"simple_image_boxes\"   data-aos=\"fade-up\" data-aos-delay=\"0\"  data-aos-offset=\"0\" >\r\n   <img decoding=\"async\" src=\"https:\/\/fimaksan.com\/\/wp-content\/uploads\/2023\/04\/NXrre3iVuuss4AQYpNHkI2fff7KDV0y73IbtPm0i-1-scaled.jpeg\" class=\"simp_img\" alt=\"\" \/>\r\n<\/div>\r\n\t\t<\/div>\n\t\t\t\t<\/div>\n\t\t\t\t<div class=\"elementor-element elementor-element-305be60 elementor-widget elementor-widget-creote-heading-v2\" data-id=\"305be60\" data-element_type=\"widget\" data-widget_type=\"creote-heading-v2.default\">\n\t\t\t\t<div class=\"elementor-widget-container\">\n\t\t\t<div class=\"heading type_one text_left\">  <div class=\"small_text\">    F\u0130.130 Spannwagen - 3 Spannbock - Fernbedienung <\/div>    <div class=\"heading_text\"> <a href=\"https:\/\/fimaksan.com\/de\/fi-130-tomruk-arabasi-uzaktan-kumandali-3-cizmeli-2\/\"> Gehe zum Produkt <\/a><\/div>    <\/div>\r\n\t\t<\/div>\n\t\t\t\t<\/div>\n\t\t\t\t\t<\/div>\n\t\t<\/div>\n\t\t\t\t\t<\/div>\n\t\t<\/section>\n\t\t\t\t\t<\/div>\n\t\t<\/div>\n\t\t\t\t<div class=\"elementor-column elementor-col-33 elementor-top-column elementor-element elementor-element-4fae957\" data-id=\"4fae957\" data-element_type=\"column\">\n\t\t\t<div class=\"elementor-widget-wrap\">\n\t\t\t\t\t\t\t<\/div>\n\t\t<\/div>\n\t\t\t\t\t<\/div>\n\t\t<\/section>\n\t\t\t\t<\/div>","protected":false},"excerpt":{"rendered":"<p>F\u0130.160 Tomruk Arabas\u0131 Uzaktan Kumandal\u0131 Tropikal Model \u00dcr\u00fcne Git \u2192 F\u0130. 100 Tomruk Arabas\u0131 \/ \u0130deal Palet \u00dcretimi \/ 2 \u00c7izmeli \u00dcr\u00fcne Git \u2192 F\u0130.100 Tomruk Arabas\u0131 \/ Uzaktan Kumandal\u0131 \/ 3 \u00c7izmeli \u00dcr\u00fcne Git \u2192 F\u0130.130 Tomruk Arabas\u0131 Uzaktan Kumandal\u0131 4 \u00c7izmeli \u00dcr\u00fcne Git \u2192 F\u0130.130 Tomruk Arabas\u0131 Uzaktan Kumandal\u0131 3 \u00c7izmeli \u00dcr\u00fcne Git [&hellip;]<\/p>","protected":false},"author":1,"featured_media":0,"parent":0,"menu_order":0,"comment_status":"closed","ping_status":"closed","template":"","meta":{"footnotes":""},"class_list":["post-5602","page","type-page","status-publish","hentry"],"_links":{"self":[{"href":"https:\/\/fimaksan.com\/de\/wp-json\/wp\/v2\/pages\/5602","targetHints":{"allow":["GET"]}}],"collection":[{"href":"https:\/\/fimaksan.com\/de\/wp-json\/wp\/v2\/pages"}],"about":[{"href":"https:\/\/fimaksan.com\/de\/wp-json\/wp\/v2\/types\/page"}],"author":[{"embeddable":true,"href":"https:\/\/fimaksan.com\/de\/wp-json\/wp\/v2\/users\/1"}],"replies":[{"embeddable":true,"href":"https:\/\/fimaksan.com\/de\/wp-json\/wp\/v2\/comments?post=5602"}],"version-history":[{"count":25,"href":"https:\/\/fimaksan.com\/de\/wp-json\/wp\/v2\/pages\/5602\/revisions"}],"predecessor-version":[{"id":7633,"href":"https:\/\/fimaksan.com\/de\/wp-json\/wp\/v2\/pages\/5602\/revisions\/7633"}],"wp:attachment":[{"href":"https:\/\/fimaksan.com\/de\/wp-json\/wp\/v2\/media?parent=5602"}],"curies":[{"name":"wp","href":"https:\/\/api.w.org\/{rel}","templated":true}]}}