{"id":5553,"date":"2023-04-03T15:22:21","date_gmt":"2023-04-03T12:22:21","guid":{"rendered":"https:\/\/www.hilkomyazilim.com.tr\/fimaksan\/?page_id=5553"},"modified":"2023-04-03T15:33:06","modified_gmt":"2023-04-03T12:33:06","slug":"fi-130-tomruk-arabasi-uzaktan-kumandali-3-cizmeli","status":"publish","type":"page","link":"https:\/\/fimaksan.com\/de\/fi-130-tomruk-arabasi-uzaktan-kumandali-3-cizmeli\/","title":{"rendered":"F\u0130.130 Spannwagen - 3 Spannbock - Fernbedienung"},"content":{"rendered":"<div data-elementor-type=\"wp-page\" data-elementor-id=\"5553\" class=\"elementor elementor-5553\">\n\t\t\t\t\t\t<section class=\"elementor-section elementor-top-section elementor-element elementor-element-c1e8588 elementor-section-stretched elementor-section-boxed elementor-section-height-default elementor-section-height-default\" data-id=\"c1e8588\" data-element_type=\"section\" data-settings=\"{&quot;stretch_section&quot;:&quot;section-stretched&quot;}\">\n\t\t\t\t\t\t<div class=\"elementor-container elementor-column-gap-default\">\n\t\t\t\t\t<div class=\"elementor-column elementor-col-100 elementor-top-column elementor-element elementor-element-56e38ca\" data-id=\"56e38ca\" data-element_type=\"column\">\n\t\t\t<div class=\"elementor-widget-wrap elementor-element-populated\">\n\t\t\t\t\t\t<div class=\"elementor-element elementor-element-0590dc2 elementor-widget elementor-widget-image\" data-id=\"0590dc2\" data-element_type=\"widget\" data-widget_type=\"image.default\">\n\t\t\t\t<div class=\"elementor-widget-container\">\n\t\t\t\t\t\t\t\t\t\t\t\t\t<img fetchpriority=\"high\" decoding=\"async\" width=\"1024\" height=\"710\" src=\"https:\/\/fimaksan.com\/wp-content\/uploads\/2023\/04\/NXrre3iVuuss4AQYpNHkI2fff7KDV0y73IbtPm0i-1024x710.jpeg\" class=\"attachment-large size-large wp-image-5555\" alt=\"\" srcset=\"https:\/\/fimaksan.com\/wp-content\/uploads\/2023\/04\/NXrre3iVuuss4AQYpNHkI2fff7KDV0y73IbtPm0i-1024x710.jpeg 1024w, https:\/\/fimaksan.com\/wp-content\/uploads\/2023\/04\/NXrre3iVuuss4AQYpNHkI2fff7KDV0y73IbtPm0i-300x208.jpeg 300w, https:\/\/fimaksan.com\/wp-content\/uploads\/2023\/04\/NXrre3iVuuss4AQYpNHkI2fff7KDV0y73IbtPm0i-768x533.jpeg 768w, https:\/\/fimaksan.com\/wp-content\/uploads\/2023\/04\/NXrre3iVuuss4AQYpNHkI2fff7KDV0y73IbtPm0i-1536x1065.jpeg 1536w, https:\/\/fimaksan.com\/wp-content\/uploads\/2023\/04\/NXrre3iVuuss4AQYpNHkI2fff7KDV0y73IbtPm0i-2048x1421.jpeg 2048w, https:\/\/fimaksan.com\/wp-content\/uploads\/2023\/04\/NXrre3iVuuss4AQYpNHkI2fff7KDV0y73IbtPm0i-220x154.jpeg 220w, https:\/\/fimaksan.com\/wp-content\/uploads\/2023\/04\/NXrre3iVuuss4AQYpNHkI2fff7KDV0y73IbtPm0i-600x416.jpeg 600w\" sizes=\"(max-width: 1024px) 100vw, 1024px\" \/>\t\t\t\t\t\t\t\t\t\t\t\t\t<\/div>\n\t\t\t\t<\/div>\n\t\t\t\t\t<\/div>\n\t\t<\/div>\n\t\t\t\t\t<\/div>\n\t\t<\/section>\n\t\t\t\t<section class=\"elementor-section elementor-top-section elementor-element elementor-element-8f6761f elementor-section-stretched elementor-section-boxed elementor-section-height-default elementor-section-height-default\" data-id=\"8f6761f\" data-element_type=\"section\" data-settings=\"{&quot;stretch_section&quot;:&quot;section-stretched&quot;}\">\n\t\t\t\t\t\t<div class=\"elementor-container elementor-column-gap-default\">\n\t\t\t\t\t<div class=\"elementor-column elementor-col-100 elementor-top-column elementor-element elementor-element-9d3b74e\" data-id=\"9d3b74e\" data-element_type=\"column\">\n\t\t\t<div class=\"elementor-widget-wrap elementor-element-populated\">\n\t\t\t\t\t\t<div class=\"elementor-element elementor-element-0329d3f elementor-widget elementor-widget-creote-heading-v2\" data-id=\"0329d3f\" data-element_type=\"widget\" data-widget_type=\"creote-heading-v2.default\">\n\t\t\t\t<div class=\"elementor-widget-container\">\n\t\t\t<div class=\"heading type_one text_center\">    <div class=\"heading_text\"> F\u0130.130 Spannwagen - 3 Spannbock - Fernbedienung\n<\/div>    <\/div>\r\n\t\t<\/div>\n\t\t\t\t<\/div>\n\t\t\t\t\t<\/div>\n\t\t<\/div>\n\t\t\t\t\t<\/div>\n\t\t<\/section>\n\t\t\t\t<section class=\"elementor-section elementor-top-section elementor-element elementor-element-ac8837f elementor-section-stretched elementor-section-boxed elementor-section-height-default elementor-section-height-default\" data-id=\"ac8837f\" data-element_type=\"section\" data-settings=\"{&quot;stretch_section&quot;:&quot;section-stretched&quot;}\">\n\t\t\t\t\t\t<div class=\"elementor-container elementor-column-gap-default\">\n\t\t\t\t\t<div class=\"elementor-column elementor-col-100 elementor-top-column elementor-element elementor-element-8442c4f\" data-id=\"8442c4f\" data-element_type=\"column\">\n\t\t\t<div class=\"elementor-widget-wrap elementor-element-populated\">\n\t\t\t\t\t\t<div class=\"elementor-element elementor-element-46b9384 elementor-widget elementor-widget-text-editor\" data-id=\"46b9384\" data-element_type=\"widget\" data-widget_type=\"text-editor.default\">\n\t\t\t\t<div class=\"elementor-widget-container\">\n\t\t\t\t\t\t\t<div><strong><br \/>Teknik \u00d6zellikler\u00a0<\/strong><\/div><div>|\u00a0<strong>\u00c7izme A\u00e7\u0131lma Mesafesi<\/strong>\u00a0| Max: 1020 mm<br \/>|\u00a0<strong>Kabul Edilen Tomruk \u00c7ap\u0131<\/strong>\u00a0| 1100 mm<br \/>|\u00a0<strong>Kanca A\u00e7\u0131lma Mesafesi<\/strong>\u00a0| Max: 1020 mm<br \/>|\u00a0<strong>Hakenabstand (ein &amp; aus)<\/strong>\u00a0Min: 35 mm - Max: 145 mm<br \/>|\u00a0<strong>Abstand zwischen Spannb\u00f6cken<\/strong>\u00a0| 1045 \u20132100 mm<br \/>|\u00a0<strong>Motor der Hydraulikeinheit<\/strong>\u00a0| 11kW<br \/>|\u00a0<strong>Wagenantriebsmotor<\/strong>\u00a0| 15 kW<br \/>|\u00a0<strong>Schienenl\u00e4nge<\/strong>\u00a0| 18000 mm<br \/>|\u00a0<strong>Schienenbreite<\/strong>\u00a0| 1560 mm<br \/>|\u00a0<strong>Gewicht\u00a0 \u00a0 \u00a0<\/strong>\u00a0| 6000 kg<br \/>|\u00a0<strong>Abmessungen\u00a0<\/strong>\u00a0| 500 x 210 x 200 cm (L\u00e4nge Breite H\u00f6he)<\/div>\t\t\t\t\t\t<\/div>\n\t\t\t\t<\/div>\n\t\t\t\t\t<\/div>\n\t\t<\/div>\n\t\t\t\t\t<\/div>\n\t\t<\/section>\n\t\t\t\t<section class=\"elementor-section elementor-top-section elementor-element elementor-element-1bd7317 elementor-section-stretched elementor-section-boxed elementor-section-height-default elementor-section-height-default\" data-id=\"1bd7317\" data-element_type=\"section\" data-settings=\"{&quot;stretch_section&quot;:&quot;section-stretched&quot;}\">\n\t\t\t\t\t\t<div class=\"elementor-container elementor-column-gap-default\">\n\t\t\t\t\t<div class=\"elementor-column elementor-col-50 elementor-top-column elementor-element elementor-element-38d936c\" data-id=\"38d936c\" data-element_type=\"column\">\n\t\t\t<div class=\"elementor-widget-wrap elementor-element-populated\">\n\t\t\t\t\t\t<div class=\"elementor-element elementor-element-b39f742 elementor-widget elementor-widget-image\" data-id=\"b39f742\" data-element_type=\"widget\" data-widget_type=\"image.default\">\n\t\t\t\t<div class=\"elementor-widget-container\">\n\t\t\t\t\t\t\t\t\t\t\t\t\t<img decoding=\"async\" width=\"1024\" height=\"677\" src=\"https:\/\/fimaksan.com\/wp-content\/uploads\/2023\/04\/ZjM3rnnGKLNAQjntlHHYHFOYRZGNCiGN4051JXUk-1024x677.jpeg\" class=\"attachment-large size-large wp-image-5556\" alt=\"\" srcset=\"https:\/\/fimaksan.com\/wp-content\/uploads\/2023\/04\/ZjM3rnnGKLNAQjntlHHYHFOYRZGNCiGN4051JXUk-1024x677.jpeg 1024w, https:\/\/fimaksan.com\/wp-content\/uploads\/2023\/04\/ZjM3rnnGKLNAQjntlHHYHFOYRZGNCiGN4051JXUk-300x198.jpeg 300w, https:\/\/fimaksan.com\/wp-content\/uploads\/2023\/04\/ZjM3rnnGKLNAQjntlHHYHFOYRZGNCiGN4051JXUk-768x508.jpeg 768w, https:\/\/fimaksan.com\/wp-content\/uploads\/2023\/04\/ZjM3rnnGKLNAQjntlHHYHFOYRZGNCiGN4051JXUk-1536x1016.jpeg 1536w, https:\/\/fimaksan.com\/wp-content\/uploads\/2023\/04\/ZjM3rnnGKLNAQjntlHHYHFOYRZGNCiGN4051JXUk-2048x1355.jpeg 2048w, https:\/\/fimaksan.com\/wp-content\/uploads\/2023\/04\/ZjM3rnnGKLNAQjntlHHYHFOYRZGNCiGN4051JXUk-600x397.jpeg 600w\" sizes=\"(max-width: 1024px) 100vw, 1024px\" \/>\t\t\t\t\t\t\t\t\t\t\t\t\t<\/div>\n\t\t\t\t<\/div>\n\t\t\t\t\t<\/div>\n\t\t<\/div>\n\t\t\t\t<div class=\"elementor-column elementor-col-50 elementor-top-column elementor-element elementor-element-cb7aadd\" data-id=\"cb7aadd\" data-element_type=\"column\">\n\t\t\t<div class=\"elementor-widget-wrap elementor-element-populated\">\n\t\t\t\t\t\t<div class=\"elementor-element elementor-element-ec33e0f elementor-icon-list--layout-traditional elementor-list-item-link-full_width elementor-widget elementor-widget-icon-list\" data-id=\"ec33e0f\" data-element_type=\"widget\" data-widget_type=\"icon-list.default\">\n\t\t\t\t<div class=\"elementor-widget-container\">\n\t\t\t\t\t<ul class=\"elementor-icon-list-items\">\n\t\t\t\t\t\t\t<li class=\"elementor-icon-list-item\">\n\t\t\t\t\t\t\t\t\t\t\t<span class=\"elementor-icon-list-icon\">\n\t\t\t\t\t\t\t<i aria-hidden=\"true\" class=\"fas fa-check\"><\/i>\t\t\t\t\t\t<\/span>\n\t\t\t\t\t\t\t\t\t\t<span class=\"elementor-icon-list-text\">Der von FIMAKSAN entwickelte Farb-Touchscreen bietet Positionierungsgeschwindigkeit und Benutzerfreundlichkeit mit 10 einstellbaren voreingestellten Messungen im Speicher. <\/span>\n\t\t\t\t\t\t\t\t\t<\/li>\n\t\t\t\t\t\t\t\t<li class=\"elementor-icon-list-item\">\n\t\t\t\t\t\t\t\t\t\t\t<span class=\"elementor-icon-list-icon\">\n\t\t\t\t\t\t\t<i aria-hidden=\"true\" class=\"fas fa-check\"><\/i>\t\t\t\t\t\t<\/span>\n\t\t\t\t\t\t\t\t\t\t<span class=\"elementor-icon-list-text\">Das spannwagenantrieb ist mit einem langlebigen elektrodynamischen System und einem Stahlseilantrieb ausgestattet. 120m\/Min. Schrittgeschwindigkeit ist Standard. <\/span>\n\t\t\t\t\t\t\t\t\t<\/li>\n\t\t\t\t\t\t\t\t<li class=\"elementor-icon-list-item\">\n\t\t\t\t\t\t\t\t\t\t\t<span class=\"elementor-icon-list-icon\">\n\t\t\t\t\t\t\t<i aria-hidden=\"true\" class=\"fas fa-check\"><\/i>\t\t\t\t\t\t<\/span>\n\t\t\t\t\t\t\t\t\t\t<span class=\"elementor-icon-list-text\">Der spannbocken wird von einem 11-kW-Getriebemotor angetrieben. 320 mm Geschwindigkeit ist Standard. <\/span>\n\t\t\t\t\t\t\t\t\t<\/li>\n\t\t\t\t\t\t\t\t<li class=\"elementor-icon-list-item\">\n\t\t\t\t\t\t\t\t\t\t\t<span class=\"elementor-icon-list-icon\">\n\t\t\t\t\t\t\t<i aria-hidden=\"true\" class=\"fas fa-check\"><\/i>\t\t\t\t\t\t<\/span>\n\t\t\t\t\t\t\t\t\t\t<span class=\"elementor-icon-list-text\">Der Motor der Hydraulikeinheit hat 11 kW. Die Haken werden durch Magnetventile bet\u00e4tigt und hydraulisch angetrieben. Die maximale stammkontrolle wird erreicht.<\/span>\n\t\t\t\t\t\t\t\t\t<\/li>\n\t\t\t\t\t\t\t\t<li class=\"elementor-icon-list-item\">\n\t\t\t\t\t\t\t\t\t\t\t<span class=\"elementor-icon-list-icon\">\n\t\t\t\t\t\t\t<i aria-hidden=\"true\" class=\"fas fa-check\"><\/i>\t\t\t\t\t\t<\/span>\n\t\t\t\t\t\t\t\t\t\t<span class=\"elementor-icon-list-text\">Das Drehen des Stammes erfolgt durch einen 3-kW-Untersetzungsmotor und eine Kette. Die Wender heben den Stamm leicht durch das Hydrauliksystem an. <\/span>\n\t\t\t\t\t\t\t\t\t<\/li>\n\t\t\t\t\t\t\t\t<li class=\"elementor-icon-list-item\">\n\t\t\t\t\t\t\t\t\t\t\t<span class=\"elementor-icon-list-icon\">\n\t\t\t\t\t\t\t<i aria-hidden=\"true\" class=\"fas fa-check\"><\/i>\t\t\t\t\t\t<\/span>\n\t\t\t\t\t\t\t\t\t\t<span class=\"elementor-icon-list-text\">Die Haken werden hydraulisch mit Magnetventilsteuerung angetrieben. Es wird eine maximale Protokollkontrolle bereitgestellt. <\/span>\n\t\t\t\t\t\t\t\t\t<\/li>\n\t\t\t\t\t\t\t\t<li class=\"elementor-icon-list-item\">\n\t\t\t\t\t\t\t\t\t\t\t<span class=\"elementor-icon-list-icon\">\n\t\t\t\t\t\t\t<i aria-hidden=\"true\" class=\"fas fa-check\"><\/i>\t\t\t\t\t\t<\/span>\n\t\t\t\t\t\t\t\t\t\t<span class=\"elementor-icon-list-text\"> Die SpannWagenkonstruktion ist so robust ausgelegt, dass sie viele Jahre ohne Bruch ihren Dienst tun kann.<\/span>\n\t\t\t\t\t\t\t\t\t<\/li>\n\t\t\t\t\t\t<\/ul>\n\t\t\t\t<\/div>\n\t\t\t\t<\/div>\n\t\t\t\t\t<\/div>\n\t\t<\/div>\n\t\t\t\t\t<\/div>\n\t\t<\/section>\n\t\t\t\t<section class=\"elementor-section elementor-top-section elementor-element elementor-element-0b3e762 elementor-section-stretched elementor-section-boxed elementor-section-height-default elementor-section-height-default\" data-id=\"0b3e762\" data-element_type=\"section\" data-settings=\"{&quot;stretch_section&quot;:&quot;section-stretched&quot;}\">\n\t\t\t\t\t\t<div class=\"elementor-container elementor-column-gap-default\">\n\t\t\t\t\t<div class=\"elementor-column elementor-col-50 elementor-top-column elementor-element elementor-element-6299fa8\" data-id=\"6299fa8\" data-element_type=\"column\">\n\t\t\t<div class=\"elementor-widget-wrap elementor-element-populated\">\n\t\t\t\t\t\t<div class=\"elementor-element elementor-element-67bd5cb elementor-icon-list--layout-traditional elementor-list-item-link-full_width elementor-widget elementor-widget-icon-list\" data-id=\"67bd5cb\" data-element_type=\"widget\" data-widget_type=\"icon-list.default\">\n\t\t\t\t<div class=\"elementor-widget-container\">\n\t\t\t\t\t<ul class=\"elementor-icon-list-items\">\n\t\t\t\t\t\t\t<li class=\"elementor-icon-list-item\">\n\t\t\t\t\t\t\t\t\t\t\t<span class=\"elementor-icon-list-icon\">\n\t\t\t\t\t\t\t<i aria-hidden=\"true\" class=\"fas fa-check\"><\/i>\t\t\t\t\t\t<\/span>\n\t\t\t\t\t\t\t\t\t\t<span class=\"elementor-icon-list-text\">Sabit dayama, hareketli kanca sistemi sayesinde dayama ile kanca aras\u0131n\u0131 farkl\u0131 tomruk \u00f6l\u00e7\u00fcs\u00fcne g\u00f6re ayarlayabilme (min: 35 mm- max: 145 mm)<\/span>\n\t\t\t\t\t\t\t\t\t<\/li>\n\t\t\t\t\t\t\t\t<li class=\"elementor-icon-list-item\">\n\t\t\t\t\t\t\t\t\t\t\t<span class=\"elementor-icon-list-icon\">\n\t\t\t\t\t\t\t<i aria-hidden=\"true\" class=\"fas fa-check\"><\/i>\t\t\t\t\t\t<\/span>\n\t\t\t\t\t\t\t\t\t\t<span class=\"elementor-icon-list-text\"> Haken ein- und aush\u00e4ngen k\u00f6nnen unabh\u00e4ngig voneinander bedient werden, es ist eine Standardfunktion.<\/span>\n\t\t\t\t\t\t\t\t\t<\/li>\n\t\t\t\t\t\t\t\t<li class=\"elementor-icon-list-item\">\n\t\t\t\t\t\t\t\t\t\t\t<span class=\"elementor-icon-list-icon\">\n\t\t\t\t\t\t\t<i aria-hidden=\"true\" class=\"fas fa-check\"><\/i>\t\t\t\t\t\t<\/span>\n\t\t\t\t\t\t\t\t\t\t<span class=\"elementor-icon-list-text\">Kumanda Paneli ergonomik, kullan\u0131m\u0131 olduk\u00e7a sade 2 adet joystick kol ve butonlar\u0131 ile kolayca kontrol edilir.  Pedal ile tomruk d\u00f6nd\u00fcrme i\u015flemi rahat\u00e7a yap\u0131l\u0131r. <\/span>\n\t\t\t\t\t\t\t\t\t<\/li>\n\t\t\t\t\t\t\t\t<li class=\"elementor-icon-list-item\">\n\t\t\t\t\t\t\t\t\t\t\t<span class=\"elementor-icon-list-icon\">\n\t\t\t\t\t\t\t<i aria-hidden=\"true\" class=\"fas fa-check\"><\/i>\t\t\t\t\t\t<\/span>\n\t\t\t\t\t\t\t\t\t\t<span class=\"elementor-icon-list-text\"> 1. S\u0131n\u0131f Siemens SIRIUS elektrik malzeme kullan\u0131lm\u0131\u015ft\u0131r.            <\/span>\n\t\t\t\t\t\t\t\t\t<\/li>\n\t\t\t\t\t\t\t\t<li class=\"elementor-icon-list-item\">\n\t\t\t\t\t\t\t\t\t\t\t<span class=\"elementor-icon-list-icon\">\n\t\t\t\t\t\t\t<i aria-hidden=\"true\" class=\"fas fa-check\"><\/i>\t\t\t\t\t\t<\/span>\n\t\t\t\t\t\t\t\t\t\t<span class=\"elementor-icon-list-text\">Zwischen dem Auto und dem Controller befindet sich ein Scherenkabeltragegriff.<\/span>\n\t\t\t\t\t\t\t\t\t<\/li>\n\t\t\t\t\t\t\t\t<li class=\"elementor-icon-list-item\">\n\t\t\t\t\t\t\t\t\t\t\t<span class=\"elementor-icon-list-icon\">\n\t\t\t\t\t\t\t<i aria-hidden=\"true\" class=\"fas fa-check\"><\/i>\t\t\t\t\t\t<\/span>\n\t\t\t\t\t\t\t\t\t\t<span class=\"elementor-icon-list-text\"> Die w\u00e4rmebehandelte F\u00fchrung auf dem Stammbett hat eine lange Lebensdauer gegen Verschlei\u00df. (H\u00e4rte: 50 HRC). <\/span>\n\t\t\t\t\t\t\t\t\t<\/li>\n\t\t\t\t\t\t\t\t<li class=\"elementor-icon-list-item\">\n\t\t\t\t\t\t\t\t\t\t\t<span class=\"elementor-icon-list-icon\">\n\t\t\t\t\t\t\t<i aria-hidden=\"true\" class=\"fas fa-check\"><\/i>\t\t\t\t\t\t<\/span>\n\t\t\t\t\t\t\t\t\t\t<span class=\"elementor-icon-list-text\">Die Stammbetten haben austauschbare Verschlei\u00dfplatten, die verhindern, dass der Stamm die F\u00fchrungsbahnen besch\u00e4digt.<\/span>\n\t\t\t\t\t\t\t\t\t<\/li>\n\t\t\t\t\t\t\t\t<li class=\"elementor-icon-list-item\">\n\t\t\t\t\t\t\t\t\t\t\t<span class=\"elementor-icon-list-icon\">\n\t\t\t\t\t\t\t<i aria-hidden=\"true\" class=\"fas fa-check\"><\/i>\t\t\t\t\t\t<\/span>\n\t\t\t\t\t\t\t\t\t\t<span class=\"elementor-icon-list-text\">Ein zeitgesteuertes automatisches Schmiersystem reduziert die Reibung zwischen Kopfbl\u00f6cken und den F\u00fchrungsbahnen.<\/span>\n\t\t\t\t\t\t\t\t\t<\/li>\n\t\t\t\t\t\t<\/ul>\n\t\t\t\t<\/div>\n\t\t\t\t<\/div>\n\t\t\t\t\t<\/div>\n\t\t<\/div>\n\t\t\t\t<div class=\"elementor-column elementor-col-50 elementor-top-column elementor-element elementor-element-793f902\" data-id=\"793f902\" data-element_type=\"column\">\n\t\t\t<div class=\"elementor-widget-wrap elementor-element-populated\">\n\t\t\t\t\t\t<div class=\"elementor-element elementor-element-5555538 elementor-widget elementor-widget-video\" data-id=\"5555538\" data-element_type=\"widget\" data-settings=\"{&quot;youtube_url&quot;:&quot;https:\\\/\\\/www.youtube.com\\\/watch?v=BuCGMds5HZI&amp;t=2s&quot;,&quot;video_type&quot;:&quot;youtube&quot;,&quot;controls&quot;:&quot;yes&quot;}\" data-widget_type=\"video.default\">\n\t\t\t\t<div class=\"elementor-widget-container\">\n\t\t\t\t\t<div class=\"elementor-wrapper elementor-open-inline\">\n\t\t\t<div class=\"elementor-video\"><\/div>\t\t<\/div>\n\t\t\t\t<\/div>\n\t\t\t\t<\/div>\n\t\t\t\t\t<\/div>\n\t\t<\/div>\n\t\t\t\t\t<\/div>\n\t\t<\/section>\n\t\t\t\t<\/div>","protected":false},"excerpt":{"rendered":"<p>F\u0130.130 Tomruk Arabas\u0131 Uzaktan Kumandal\u0131 3 \u00c7izmeli Teknik \u00d6zellikler\u00a0|\u00a0\u00c7izme A\u00e7\u0131lma Mesafesi\u00a0| Max: 1020 mm|\u00a0Kabul Edilen Tomruk \u00c7ap\u0131\u00a0| 1100 mm|\u00a0Kanca A\u00e7\u0131lma Mesafesi\u00a0| Max: 1020 mm|\u00a0Dayama ile Kanca aras\u0131 Mesafe\u00a0| \u0130\u00e7erde \/ Min: 35 mm, D\u0131\u015farda \/ Max: 145 mm|\u00a0\u00c7izmeler Aras\u0131 Mesafe\u00a0| 1045 \u20132100 mm|\u00a0Hidrolik \u00dcnite Motoru\u00a0| 11 kW|\u00a0Y\u00fcr\u00fcy\u00fc\u015f Elektrik Motoru\u00a0| 15 kW|\u00a0Ray Uzunluk\u00a0| 18000 mm|\u00a0Ray Geni\u015flik\u00a0| [&hellip;]<\/p>","protected":false},"author":1,"featured_media":0,"parent":0,"menu_order":0,"comment_status":"closed","ping_status":"closed","template":"","meta":{"footnotes":""},"class_list":["post-5553","page","type-page","status-publish","hentry"],"_links":{"self":[{"href":"https:\/\/fimaksan.com\/de\/wp-json\/wp\/v2\/pages\/5553","targetHints":{"allow":["GET"]}}],"collection":[{"href":"https:\/\/fimaksan.com\/de\/wp-json\/wp\/v2\/pages"}],"about":[{"href":"https:\/\/fimaksan.com\/de\/wp-json\/wp\/v2\/types\/page"}],"author":[{"embeddable":true,"href":"https:\/\/fimaksan.com\/de\/wp-json\/wp\/v2\/users\/1"}],"replies":[{"embeddable":true,"href":"https:\/\/fimaksan.com\/de\/wp-json\/wp\/v2\/comments?post=5553"}],"version-history":[{"count":7,"href":"https:\/\/fimaksan.com\/de\/wp-json\/wp\/v2\/pages\/5553\/revisions"}],"predecessor-version":[{"id":5563,"href":"https:\/\/fimaksan.com\/de\/wp-json\/wp\/v2\/pages\/5553\/revisions\/5563"}],"wp:attachment":[{"href":"https:\/\/fimaksan.com\/de\/wp-json\/wp\/v2\/media?parent=5553"}],"curies":[{"name":"wp","href":"https:\/\/api.w.org\/{rel}","templated":true}]}}