{"id":4182,"date":"2022-10-17T19:47:36","date_gmt":"2022-10-17T19:47:36","guid":{"rendered":"https:\/\/themepanthers.com\/wp\/creote\/v2-new\/?page_id=4182"},"modified":"2025-12-27T15:43:36","modified_gmt":"2025-12-27T12:43:36","slug":"contact-us-02","status":"publish","type":"page","link":"https:\/\/fimaksan.com\/de\/contact-us-02\/","title":{"rendered":"Kontakt"},"content":{"rendered":"<div data-elementor-type=\"wp-page\" data-elementor-id=\"4182\" class=\"elementor elementor-4182\">\n\t\t\t\t\t\t<section class=\"elementor-section elementor-top-section elementor-element elementor-element-c433d3a elementor-section-boxed elementor-section-height-default elementor-section-height-default\" data-id=\"c433d3a\" data-element_type=\"section\" data-settings=\"{&quot;background_background&quot;:&quot;classic&quot;}\">\n\t\t\t\t\t\t<div class=\"elementor-container elementor-column-gap-default\">\n\t\t\t\t\t<div class=\"elementor-column elementor-col-100 elementor-top-column elementor-element elementor-element-4b9c64a\" data-id=\"4b9c64a\" data-element_type=\"column\">\n\t\t\t<div class=\"elementor-widget-wrap elementor-element-populated\">\n\t\t\t\t\t\t<div class=\"elementor-element elementor-element-6d58e9c elementor-widget elementor-widget-creote-heading-v2\" data-id=\"6d58e9c\" data-element_type=\"widget\" data-widget_type=\"creote-heading-v2.default\">\n\t\t\t\t<div class=\"elementor-widget-container\">\n\t\t\t<div class=\"heading type_one text_center\">  <div class=\"small_text\">   <span class=\"icon-message-square icon\"><\/span>   Kontaktiere uns\n <\/div>    <div class=\"heading_text\"> Wie k\u00f6nnen wir Ihnen helfen?<\/div>     <p class=\"description_text\">Bitte kontaktieren Sie uns \u00fcber das untenstehende Formular. <br> Wir m\u00f6chten Ihnen bestm\u00f6glich helfen.<\/p> <\/div>\r\n\t\t<\/div>\n\t\t\t\t<\/div>\n\t\t\t\t<div class=\"elementor-element elementor-element-35bf862 elementor-widget elementor-widget-creote-contact-box-v1-new\" data-id=\"35bf862\" data-element_type=\"widget\" data-widget_type=\"creote-contact-box-v1-new.default\">\n\t\t\t\t<div class=\"elementor-widget-container\">\n\t\t\t \r\n       <section class=\"info_section type_two\">\r\n    <div class=\"info_inner\">\r\n        <div class=\"row\">\r\n                            <div class=\"col-xl-4 col-md-6 col-sm-6 col-xs-12 info-column\">\r\n                    <div class=\"info-box nonactive\">\r\n                        <div class=\"hidden-icon\"><i class=\"icon-map-pin\"><\/i><\/div>\r\n                        <div class=\"box\">\r\n                            <div class=\"icon_box\"><i class=\"icon-map-pin\"><\/i><\/div>\r\n                            <div class=\"heading-box\">\r\n                                <div class=\"ctitles\">Adresse<\/div>\r\n                                <span><\/span>\r\n                            <\/div>\r\n                        <\/div>\r\n                        <div class=\"text\">\r\n                                                                                                <p>Pirahmetler mahallesi D 100 Yan yol Caddesi No: 76\/2\nErenler , Sakarya ,  T\u00fcrkiye<\/p>\r\n                                                                                                                                            <\/div>\r\n                    <\/div>\r\n                <\/div>\r\n                            <div class=\"col-xl-4 col-md-6 col-sm-6 col-xs-12 info-column\">\r\n                    <div class=\"info-box nonactive\">\r\n                        <div class=\"hidden-icon\"><i class=\"icon-mail\"><\/i><\/div>\r\n                        <div class=\"box\">\r\n                            <div class=\"icon_box\"><i class=\"icon-mail\"><\/i><\/div>\r\n                            <div class=\"heading-box\">\r\n                                <div class=\"ctitles\">Allgemeine Informationen<\/div>\r\n                                <span><\/span>\r\n                            <\/div>\r\n                        <\/div>\r\n                        <div class=\"text\">\r\n                                                                                                                            <p><a href=\"mailto:bilgi@fimaksan.com\" target=\"_blank\">bilgi@fimaksan.com<\/a><\/p>\r\n                                                                                                                                                <\/div>\r\n                    <\/div>\r\n                <\/div>\r\n                            <div class=\"col-xl-4 col-md-6 col-sm-6 col-xs-12 info-column\">\r\n                    <div class=\"info-box nonactive\">\r\n                        <div class=\"hidden-icon\"><i class=\"icon-mail\"><\/i><\/div>\r\n                        <div class=\"box\">\r\n                            <div class=\"icon_box\"><i class=\"icon-mail\"><\/i><\/div>\r\n                            <div class=\"heading-box\">\r\n                                <div class=\"ctitles\">E-Mail f\u00fcr Vertrieb und Marketing:<\/div>\r\n                                <span><\/span>\r\n                            <\/div>\r\n                        <\/div>\r\n                        <div class=\"text\">\r\n                                                                                                                            <p><a href=\"mailto:iremfidanci@fimaksan.com\" target=\"_blank\">iremfidanci@fimaksan.com<\/a><\/p>\r\n                                                                                                                                                <\/div>\r\n                    <\/div>\r\n                <\/div>\r\n                            <div class=\"col-xl-4 col-md-6 col-sm-6 col-xs-12 info-column\">\r\n                    <div class=\"info-box nonactive\">\r\n                        <div class=\"hidden-icon\"><i class=\"icon-telephone\"><\/i><\/div>\r\n                        <div class=\"box\">\r\n                            <div class=\"icon_box\"><i class=\"icon-telephone\"><\/i><\/div>\r\n                            <div class=\"heading-box\">\r\n                                <div class=\"ctitles\">Telefon<\/div>\r\n                                <span><\/span>\r\n                            <\/div>\r\n                        <\/div>\r\n                        <div class=\"text\">\r\n                                                                                                                                                        <p><a href=\"tel:+90 2642749458\" target=\"_blank\">+90 2642749458<\/a><\/p>\r\n                                                                                                                    <\/div>\r\n                    <\/div>\r\n                <\/div>\r\n                            <div class=\"col-xl-4 col-md-6 col-sm-6 col-xs-12 info-column\">\r\n                    <div class=\"info-box nonactive\">\r\n                        <div class=\"hidden-icon\"><i class=\"fa fa-mobile\"><\/i><\/div>\r\n                        <div class=\"box\">\r\n                            <div class=\"icon_box\"><i class=\"fa fa-mobile\"><\/i><\/div>\r\n                            <div class=\"heading-box\">\r\n                                <div class=\"ctitles\">Vertrieb und Marketing 1:<\/div>\r\n                                <span>WhatsApp<\/span>\r\n                            <\/div>\r\n                        <\/div>\r\n                        <div class=\"text\">\r\n                                                                                                                                                                                                                    <p><a href=\"tel:+90 538 643 68 18\" target=\"_blank\">+90 538 643 68 18<\/a><\/p>\r\n                                                                                                                    <\/div>\r\n                    <\/div>\r\n                <\/div>\r\n                            <div class=\"col-xl-4 col-md-6 col-sm-6 col-xs-12 info-column\">\r\n                    <div class=\"info-box nonactive\">\r\n                        <div class=\"hidden-icon\"><i class=\"fa fa-mobile\"><\/i><\/div>\r\n                        <div class=\"box\">\r\n                            <div class=\"icon_box\"><i class=\"fa fa-mobile\"><\/i><\/div>\r\n                            <div class=\"heading-box\">\r\n                                <div class=\"ctitles\">Inlandsvertriebs- und Marketingleiter:<\/div>\r\n                                <span>Abdussamet Fidanc\u0131<\/span>\r\n                            <\/div>\r\n                        <\/div>\r\n                        <div class=\"text\">\r\n                                                                                                                                                                                                                    <p><a href=\"tel:+90 532 690 37 06\" target=\"_blank\">+90 532 690 37 06<\/a><\/p>\r\n                                                                                                                    <\/div>\r\n                    <\/div>\r\n                <\/div>\r\n                    <\/div>\r\n    <\/div>\r\n<\/section>\r\n\r\n    \t\t<\/div>\n\t\t\t\t<\/div>\n\t\t\t\t\t<\/div>\n\t\t<\/div>\n\t\t\t\t\t<\/div>\n\t\t<\/section>\n\t\t\t\t<section class=\"elementor-section elementor-top-section elementor-element elementor-element-387a686 elementor-section-full_width elementor-section-height-default elementor-section-height-default\" data-id=\"387a686\" data-element_type=\"section\">\n\t\t\t\t\t\t<div class=\"elementor-container elementor-column-gap-no\">\n\t\t\t\t\t<div class=\"elementor-column elementor-col-100 elementor-top-column elementor-element elementor-element-ddfb98c\" data-id=\"ddfb98c\" data-element_type=\"column\">\n\t\t\t<div class=\"elementor-widget-wrap elementor-element-populated\">\n\t\t\t\t\t\t<div class=\"elementor-element elementor-element-d85514f elementor-widget elementor-widget-html\" data-id=\"d85514f\" data-element_type=\"widget\" data-widget_type=\"html.default\">\n\t\t\t\t<div class=\"elementor-widget-container\">\n\t\t\t<iframe src=\"https:\/\/www.google.com\/maps\/embed?pb=!1m14!1m8!1m3!1d3095444.1495020003!2d30.45074!3d40.742343!3m2!1i1024!2i768!4f13.1!3m3!1m2!1s0x14ccb2dc5453fa93%3A0x58aae17ae7406a29!2sFimaksan!5e0!3m2!1str!2sus!4v1681290961365!5m2!1str!2sus\" width=\"600\" height=\"450\" style=\"border:0;\" allowfullscreen=\"\" loading=\"lazy\" referrerpolicy=\"no-referrer-when-downgrade\"><\/iframe>\t\t<\/div>\n\t\t\t\t<\/div>\n\t\t\t\t\t<\/div>\n\t\t<\/div>\n\t\t\t\t\t<\/div>\n\t\t<\/section>\n\t\t\t\t<section class=\"elementor-section elementor-top-section elementor-element elementor-element-4b71095 elementor-section-boxed elementor-section-height-default elementor-section-height-default\" data-id=\"4b71095\" data-element_type=\"section\">\n\t\t\t\t\t\t<div class=\"elementor-container elementor-column-gap-default\">\n\t\t\t\t\t<div class=\"elementor-column elementor-col-100 elementor-top-column elementor-element elementor-element-e5488c9\" data-id=\"e5488c9\" data-element_type=\"column\">\n\t\t\t<div class=\"elementor-widget-wrap elementor-element-populated\">\n\t\t\t\t\t\t<div class=\"elementor-element elementor-element-7fb2e18 elementor-widget elementor-widget-creote-heading-v2\" data-id=\"7fb2e18\" data-element_type=\"widget\" data-widget_type=\"creote-heading-v2.default\">\n\t\t\t\t<div class=\"elementor-widget-container\">\n\t\t\t<div class=\"heading type_one text_center\">  <div class=\"small_text\">   <span class=\"icon-mail1 icon\"><\/span>   Fimaksan <\/div>    <div class=\"heading_text\"> Wie k\u00f6nnen wir Ihnen helfen?<\/div>    <\/div>\r\n\t\t<\/div>\n\t\t\t\t<\/div>\n\t\t\t\t<div class=\"elementor-element elementor-element-e5bb458 elementor-widget elementor-widget-creote-contact-form-v1\" data-id=\"e5bb458\" data-element_type=\"widget\" data-widget_type=\"creote-contact-form-v1.default\">\n\t\t\t\t<div class=\"elementor-widget-container\">\n\t\t\t<section class=\"contact_form_box_all type_three\"  data-aos=\"fade-up\" data-aos-offset=\"0\" data-aos-delay=\"0\" >  <div class=\"contact_form_box_inner simple_form\"> <div class=\"contact_form_shortcode\">  \n<div class=\"wpcf7 no-js\" id=\"wpcf7-f5-o1\" lang=\"en-US\" dir=\"ltr\">\n<div class=\"screen-reader-response\"><p role=\"status\" aria-live=\"polite\" aria-atomic=\"true\"><\/p> <ul><\/ul><\/div>\n<form action=\"\/de\/wp-json\/wp\/v2\/pages\/4182#wpcf7-f5-o1\" method=\"post\" class=\"wpcf7-form init\" aria-label=\"Kontakt Formular\" novalidate=\"novalidate\" data-status=\"init\" data-no-translation-aria-label=\"\" data-trp-original-action=\"\/de\/wp-json\/wp\/v2\/pages\/4182#wpcf7-f5-o1\">\n<div style=\"display: none;\">\n<input type=\"hidden\" name=\"_wpcf7\" value=\"5\" \/>\n<input type=\"hidden\" name=\"_wpcf7_version\" value=\"5.9.8\" \/>\n<input type=\"hidden\" name=\"_wpcf7_locale\" value=\"en_US\" \/>\n<input type=\"hidden\" name=\"_wpcf7_unit_tag\" value=\"wpcf7-f5-o1\" \/>\n<input type=\"hidden\" name=\"_wpcf7_container_post\" value=\"0\" \/>\n<input type=\"hidden\" name=\"_wpcf7_posted_data_hash\" value=\"\" \/>\n<input type=\"hidden\" name=\"_wpcf7_recaptcha_response\" value=\"\" \/>\n<\/div>\n<div class=\"row\">\n\t<div class=\"col-lg-6\">\n\t\t<p><label><br \/>\n<span class=\"fa fa-user-o\"><\/span><br \/>\n<span class=\"wpcf7-form-control-wrap\" data-name=\"first-name\"><input size=\"40\" maxlength=\"400\" class=\"wpcf7-form-control wpcf7-text wpcf7-validates-as-required\" aria-required=\"true\" aria-invalid=\"false\" placeholder=\"Name\" value=\"\" type=\"text\" name=\"first-name\" \/><\/span><br \/>\n<\/label>\n\t\t<\/p>\n\t<\/div>\n\t<div class=\"col-lg-6\">\n\t\t<p><label><br \/>\n<span class=\"fa fa-user-o\"><\/span><br \/>\n<span class=\"wpcf7-form-control-wrap\" data-name=\"last-name\"><input size=\"40\" maxlength=\"400\" class=\"wpcf7-form-control wpcf7-text wpcf7-validates-as-required\" aria-required=\"true\" aria-invalid=\"false\" placeholder=\"Nachname\" value=\"\" type=\"text\" name=\"last-name\" \/><\/span><br \/>\n<\/label>\n\t\t<\/p>\n\t<\/div>\n\t<div class=\"col-lg-6\">\n\t\t<p><label><br \/>\n<span class=\"fa fa-envelope-o\"><\/span><br \/>\n<span class=\"wpcf7-form-control-wrap\" data-name=\"your-email\"><input size=\"40\" maxlength=\"400\" class=\"wpcf7-form-control wpcf7-email wpcf7-validates-as-required wpcf7-text wpcf7-validates-as-email\" aria-required=\"true\" aria-invalid=\"false\" placeholder=\"E-mail\" value=\"\" type=\"email\" name=\"your-email\" \/><\/span><br \/>\n<\/label>\n\t\t<\/p>\n\t<\/div>\n\t<div class=\"col-lg-6\">\n\t\t<p><label><br \/>\n<span class=\"fa fa-phone\"><\/span><br \/>\n<span class=\"wpcf7-form-control-wrap\" data-name=\"tel-32\"><input size=\"40\" maxlength=\"400\" class=\"wpcf7-form-control wpcf7-tel wpcf7-validates-as-required wpcf7-text wpcf7-validates-as-tel\" aria-required=\"true\" aria-invalid=\"false\" placeholder=\"Telefon\" value=\"\" type=\"tel\" name=\"tel-32\" \/><\/span><br \/>\n<\/label>\n\t\t<\/p>\n\t<\/div>\n\t<div class=\"col-lg-6\">\n\t\t<p><label><br \/>\n<span class=\"fa fa-edit\"><\/span><br \/>\n<span class=\"wpcf7-form-control-wrap\" data-name=\"your-subject\"><input size=\"40\" maxlength=\"400\" class=\"wpcf7-form-control wpcf7-text\" aria-invalid=\"false\" placeholder=\"Subjekt\" value=\"\" type=\"text\" name=\"your-subject\" \/><\/span><br \/>\n<\/label>\n\t\t<\/p>\n\t<\/div>\n\t<div class=\"col-lg-12\">\n\t\t<p><label><br \/>\n<span class=\"fa fa-commenting-o\"><\/span><br \/>\n<span class=\"wpcf7-form-control-wrap\" data-name=\"your-message\"><textarea cols=\"40\" rows=\"10\" maxlength=\"2000\" class=\"wpcf7-form-control wpcf7-textarea\" aria-invalid=\"false\" placeholder=\"Ihre Nachricht\" name=\"your-message\"><\/textarea><\/span><br \/>\n<\/label>\n\t\t<\/p>\n\t<\/div>\n\t<div class=\"col-lg-12\">\n\t\t<p><input class=\"wpcf7-form-control wpcf7-submit has-spinner\" type=\"submit\" value=\"senden\" \/>\n\t\t<\/p>\n\t<\/div>\n<\/div><div class=\"wpcf7-response-output\" aria-hidden=\"true\"><\/div>\n<input type=\"hidden\" name=\"trp-form-language\" value=\"de\"\/><\/form>\n<\/div>\n  <\/div> <\/div> <\/section>\r\n\t\t<\/div>\n\t\t\t\t<\/div>\n\t\t\t\t\t<\/div>\n\t\t<\/div>\n\t\t\t\t\t<\/div>\n\t\t<\/section>\n\t\t\t\t<\/div>","protected":false},"excerpt":{"rendered":"<p>Bize Ula\u015f\u0131n Size nas\u0131l yard\u0131mc\u0131 olabiliriz ? L\u00fctfen a\u015fa\u011f\u0131daki formu kullanarak bizimle ileti\u015fime ge\u00e7iniz. D\u00fc\u015f\u00fcncelerinizi duymak ve sorular\u0131n\u0131z\u0131 yan\u0131tlamak isteriz! Adres Pirahmetler mahallesi D 100 Yan yol Caddesi No: 76\/2 Erenler , Sakarya , T\u00fcrkiye Genel bilgi E-Mail: bilgi@fimaksan.com Sat\u0131\u015f Pazarlama E-Mail: iremfidanci@fimaksan.com Telefon +90 2642749458 Sat\u0131\u015f Pazarlama 1: WhatsApp +90 538 643 68 18 [&hellip;]<\/p>","protected":false},"author":1,"featured_media":0,"parent":0,"menu_order":0,"comment_status":"closed","ping_status":"closed","template":"template-fullwidth.php","meta":{"footnotes":""},"class_list":["post-4182","page","type-page","status-publish","hentry"],"_links":{"self":[{"href":"https:\/\/fimaksan.com\/de\/wp-json\/wp\/v2\/pages\/4182","targetHints":{"allow":["GET"]}}],"collection":[{"href":"https:\/\/fimaksan.com\/de\/wp-json\/wp\/v2\/pages"}],"about":[{"href":"https:\/\/fimaksan.com\/de\/wp-json\/wp\/v2\/types\/page"}],"author":[{"embeddable":true,"href":"https:\/\/fimaksan.com\/de\/wp-json\/wp\/v2\/users\/1"}],"replies":[{"embeddable":true,"href":"https:\/\/fimaksan.com\/de\/wp-json\/wp\/v2\/comments?post=4182"}],"version-history":[{"count":52,"href":"https:\/\/fimaksan.com\/de\/wp-json\/wp\/v2\/pages\/4182\/revisions"}],"predecessor-version":[{"id":7937,"href":"https:\/\/fimaksan.com\/de\/wp-json\/wp\/v2\/pages\/4182\/revisions\/7937"}],"wp:attachment":[{"href":"https:\/\/fimaksan.com\/de\/wp-json\/wp\/v2\/media?parent=4182"}],"curies":[{"name":"wp","href":"https:\/\/api.w.org\/{rel}","templated":true}]}}